{"id":5228,"date":"2025-03-09T16:44:08","date_gmt":"2025-03-09T15:44:08","guid":{"rendered":"https:\/\/meurers-latex-reparatur-service.de\/en\/wishsuite\/"},"modified":"2025-03-09T17:02:09","modified_gmt":"2025-03-09T16:02:09","slug":"wishsuite","status":"publish","type":"page","link":"https:\/\/meurers-latex-reparatur-service.de\/en\/wishsuite\/","title":{"rendered":"Produkt Merkliste"},"content":{"rendered":"<div class=\"wishsuite-table-content\">\n    <table class=\"wishsuite_table\">\n        <thead>\n            <tr><th>Entfernen<\/th><th> Bild<\/th><th>Titel<\/th><th>Preis<\/th><th>Menge<\/th><th>Zum Warenkorb hinzuf\u00fcgen<\/th><\/tr>        <\/thead>\n        <tbody>\n                            <tr>\n                    <td class=\"wishsuite-emplty-text\" colspan=\"6\">\n                        Hier finden Sie eine Liste der Artikel, die sie sich zusammengestellt haben.                    <\/td>\n                <\/tr>\n                    <\/tbody>\n    <\/table>\n\n        \r\n<div class=\"wishsuite-social-share\">\r\n\t<span class=\"wishsuite-social-title\">Share:<\/span>\r\n\t<ul>\r\n\t\t\t\t\t\t<li>\r\n\t\t\t\t\t<a rel=\"nofollow\" href=\"https:\/\/www.facebook.com\/sharer\/sharer.php?u=https:\/\/meurers-latex-reparatur-service.de\/en\/wishsuite\/?wishsuitepids=\" target=\"_blank\">\r\n\t\t\t\t\t\t<span class=\"wishsuite-social-icon\">\r\n\t\t\t\t\t\t\t<svg id=\"Bold\" enable-background=\"new 0 0 24 24\" height=\"512\" viewbox=\"0 0 24 24\" width=\"512\" xmlns=\"http:\/\/www.w3.org\/2000\/svg\">\n            <path d=\"m15.997 3.985h2.191v-3.816c-.378-.052-1.678-.169-3.192-.169-3.159 0-5.323 1.987-5.323 5.639v3.361h-3.486v4.266h3.486v10.734h4.274v-10.733h3.345l.531-4.266h-3.877v-2.939c.001-1.233.333-2.077 2.051-2.077z\"\/><\/svg>\t\t\t\t\t\t<\/span>\r\n\t\t\t\t\t<\/a>\r\n\t\t\t\t<\/li>\r\n\t\t\t\t\t\t\t\t<li>\r\n\t\t\t\t\t<a rel=\"nofollow\" href=\"https:\/\/twitter.com\/share?url=https:\/\/meurers-latex-reparatur-service.de\/en\/wishsuite\/?wishsuitepids=&#038;text=Produkt%20Merkliste\" target=\"_blank\">\r\n\t\t\t\t\t\t<span class=\"wishsuite-social-icon\">\r\n\t\t\t\t\t\t\t<svg height=\"681pt\" viewbox=\"-21 -81 681.33464 681\" width=\"681pt\" xmlns=\"http:\/\/www.w3.org\/2000\/svg\">\n            <path d=\"m200.964844 515.292969c241.050781 0 372.871094-199.703125 372.871094-372.871094 0-5.671875-.117188-11.320313-.371094-16.9375 25.585937-18.5 47.824218-41.585937 65.371094-67.863281-23.480469 10.441406-48.753907 17.460937-75.257813 20.636718 27.054687-16.230468 47.828125-41.894531 57.625-72.488281-25.320313 15.011719-53.363281 25.917969-83.214844 31.808594-23.914062-25.472656-57.964843-41.402344-95.664062-41.402344-72.367188 0-131.058594 58.6875-131.058594 131.03125 0 10.289063 1.152344 20.289063 3.398437 29.882813-108.917968-5.480469-205.503906-57.625-270.132812-136.921875-11.25 19.363281-17.742188 41.863281-17.742188 65.871093 0 45.460938 23.136719 85.605469 58.316407 109.082032-21.5-.660156-41.695313-6.5625-59.351563-16.386719-.019531.550781-.019531 1.085937-.019531 1.671875 0 63.46875 45.171875 116.460938 105.144531 128.46875-11.015625 2.996094-22.605468 4.609375-34.558594 4.609375-8.429687 0-16.648437-.828125-24.632812-2.363281 16.683594 52.070312 65.066406 89.960937 122.425781 91.023437-44.855469 35.15625-101.359375 56.097657-162.769531 56.097657-10.5625 0-21.003906-.605469-31.2617188-1.816407 57.9999998 37.175781 126.8710938 58.871094 200.8867188 58.871094\"\/><\/svg>\t\t\t\t\t\t<\/span>\r\n\t\t\t\t\t<\/a>\r\n\t\t\t\t<\/li>\r\n\t\t\t\t\t\t\t\t<li>\r\n\t\t\t\t\t<a rel=\"nofollow\" href=\"https:\/\/pinterest.com\/pin\/create\/button\/?url=https:\/\/meurers-latex-reparatur-service.de\/en\/wishsuite\/?wishsuitepids=&#038;media=https:\/\/meurers-latex-reparatur-service.de\/wp-includes\/images\/media\/default.svg\" target=\"_blank\">\r\n\t\t\t\t\t\t<span class=\"wishsuite-social-icon\">\r\n\t\t\t\t\t\t\t<svg id=\"Bold\" enable-background=\"new 0 0 24 24\" height=\"512\" viewbox=\"0 0 24 24\" width=\"512\" xmlns=\"http:\/\/www.w3.org\/2000\/svg\">\n            <path d=\"m12.326 0c-6.579.001-10.076 4.216-10.076 8.812 0 2.131 1.191 4.79 3.098 5.633.544.245.472-.054.94-1.844.037-.149.018-.278-.102-.417-2.726-3.153-.532-9.635 5.751-9.635 9.093 0 7.394 12.582 1.582 12.582-1.498 0-2.614-1.176-2.261-2.631.428-1.733 1.266-3.596 1.266-4.845 0-3.148-4.69-2.681-4.69 1.49 0 1.289.456 2.159.456 2.159s-1.509 6.096-1.789 7.235c-.474 1.928.064 5.049.111 5.318.029.148.195.195.288.073.149-.195 1.973-2.797 2.484-4.678.186-.685.949-3.465.949-3.465.503.908 1.953 1.668 3.498 1.668 4.596 0 7.918-4.04 7.918-9.053-.016-4.806-4.129-8.402-9.423-8.402z\"\/><\/svg>\t\t\t\t\t\t<\/span>\r\n\t\t\t\t\t<\/a>\r\n\t\t\t\t<\/li>\r\n\t\t\t\t\t\t\t\t<li>\r\n\t\t\t\t\t<a rel=\"nofollow\" href=\"https:\/\/www.linkedin.com\/shareArticle?mini=true&#038;url=https:\/\/meurers-latex-reparatur-service.de\/en\/wishsuite\/?wishsuitepids=&#038;title=Produkt%20Merkliste\" target=\"_blank\">\r\n\t\t\t\t\t\t<span class=\"wishsuite-social-icon\">\r\n\t\t\t\t\t\t\t<svg height=\"682pt\" viewbox=\"-21 -35 682.66669 682\" width=\"682pt\" xmlns=\"http:\/\/www.w3.org\/2000\/svg\">\n            <path d=\"m77.613281-.667969c-46.929687 0-77.613281 30.816407-77.613281 71.320313 0 39.609375 29.769531 71.304687 75.8125 71.304687h.890625c47.847656 0 77.625-31.695312 77.625-71.304687-.894531-40.503906-29.777344-71.320313-76.714844-71.320313zm0 0\"\/><path d=\"m8.109375 198.3125h137.195313v412.757812h-137.195313zm0 0\"\/><path d=\"m482.054688 188.625c-74.011719 0-123.640626 69.546875-123.640626 69.546875v-59.859375h-137.199218v412.757812h137.191406v-230.5c0-12.339843.894531-24.660156 4.519531-33.484374 9.917969-24.640626 32.488281-50.167969 70.390625-50.167969 49.644532 0 69.5 37.851562 69.5 93.339843v220.8125h137.183594v-236.667968c0-126.78125-67.6875-185.777344-157.945312-185.777344zm0 0\"\/><\/svg>\t\t\t\t\t\t<\/span>\r\n\t\t\t\t\t<\/a>\r\n\t\t\t\t<\/li>\r\n\t\t\t\t\t\t\t\t<li>\r\n\t\t\t\t\t<a rel=\"nofollow\" href=\"https:\/\/telegram.me\/share\/url?url=https:\/\/meurers-latex-reparatur-service.de\/en\/wishsuite\/?wishsuitepids=\" target=\"_blank\">\r\n\t\t\t\t\t\t<span class=\"wishsuite-social-icon\">\r\n\t\t\t\t\t\t\t<svg id=\"Bold\" enable-background=\"new 0 0 24 24\" height=\"512\" viewbox=\"0 0 24 24\" width=\"512\" xmlns=\"http:\/\/www.w3.org\/2000\/svg\">\n            <path d=\"m9.417 15.181-.397 5.584c.568 0 .814-.244 1.109-.537l2.663-2.545 5.518 4.041c1.012.564 1.725.267 1.998-.931l3.622-16.972.001-.001c.321-1.496-.541-2.081-1.527-1.714l-21.29 8.151c-1.453.564-1.431 1.374-.247 1.741l5.443 1.693 12.643-7.911c.595-.394 1.136-.176.691.218z\"\/><\/svg>\t\t\t\t\t\t<\/span>\r\n\t\t\t\t\t<\/a>\r\n\t\t\t\t<\/li>\r\n\t\t\t\t\t\t\t\t<li>\r\n\t\t\t\t\t<a rel=\"nofollow\" href=\"mailto:?subject=Whislist&#038;body=My%20whislist:https:\/\/meurers-latex-reparatur-service.de\/en\/wishsuite\/?wishsuitepids=\" >\r\n\t\t\t\t\t\t<span class=\"wishsuite-social-icon\">\r\n\t\t\t\t\t\t\t<svg id=\"Capa_1\" enable-background=\"new 0 0 479.058 479.058\" height=\"512\" viewbox=\"0 0 479.058 479.058\" width=\"512\" xmlns=\"http:\/\/www.w3.org\/2000\/svg\">\n            <path d=\"m434.146 59.882h-389.234c-24.766 0-44.912 20.146-44.912 44.912v269.47c0 24.766 20.146 44.912 44.912 44.912h389.234c24.766 0 44.912-20.146 44.912-44.912v-269.47c0-24.766-20.146-44.912-44.912-44.912zm0 29.941c2.034 0 3.969.422 5.738 1.159l-200.355 173.649-200.356-173.649c1.769-.736 3.704-1.159 5.738-1.159zm0 299.411h-389.234c-8.26 0-14.971-6.71-14.971-14.971v-251.648l199.778 173.141c2.822 2.441 6.316 3.655 9.81 3.655s6.988-1.213 9.81-3.655l199.778-173.141v251.649c-.001 8.26-6.711 14.97-14.971 14.97z\"\/><\/svg>\t\t\t\t\t\t<\/span>\r\n\t\t\t\t\t<\/a>\r\n\t\t\t\t<\/li>\r\n\t\t\t\t\t\t\t\t<li>\r\n\t\t\t\t\t<a rel=\"nofollow\" href=\"https:\/\/wa.me\/?text=https:\/\/meurers-latex-reparatur-service.de\/en\/wishsuite\/?wishsuitepids=\" target=\"_blank\">\r\n\t\t\t\t\t\t<span class=\"wishsuite-social-icon\">\r\n\t\t\t\t\t\t\t<svg version=\"1.1\" id=\"Capa_1\" xmlns=\"http:\/\/www.w3.org\/2000\/svg\" xmlns:xlink=\"http:\/\/www.w3.org\/1999\/xlink\" x=\"0px\" y=\"0px\"\n            viewbox=\"0 0 52 52\" style=\"enable-background:new 0 0 52 52;\" xml:space=\"preserve\">\n            <g><path d=\"M26,0C11.663,0,0,11.663,0,26c0,4.891,1.359,9.639,3.937,13.762C2.91,43.36,1.055,50.166,1.035,50.237 c-0.096,0.352,0.007,0.728,0.27,0.981c0.263,0.253,0.643,0.343,0.989,0.237L12.6,48.285C16.637,50.717,21.26,52,26,52 c14.337,0,26-11.663,26-26S40.337,0,26,0z M26,50c-4.519,0-8.921-1.263-12.731-3.651c-0.161-0.101-0.346-0.152-0.531-0.152 c-0.099,0-0.198,0.015-0.294,0.044l-8.999,2.77c0.661-2.413,1.849-6.729,2.538-9.13c0.08-0.278,0.035-0.578-0.122-0.821 C3.335,35.173,2,30.657,2,26C2,12.767,12.767,2,26,2s24,10.767,24,24S39.233,50,26,50z\"\/><path d=\"M42.985,32.126c-1.846-1.025-3.418-2.053-4.565-2.803c-0.876-0.572-1.509-0.985-1.973-1.218 c-1.297-0.647-2.28-0.19-2.654,0.188c-0.047,0.047-0.089,0.098-0.125,0.152c-1.347,2.021-3.106,3.954-3.621,4.058 c-0.595-0.093-3.38-1.676-6.148-3.981c-2.826-2.355-4.604-4.61-4.865-6.146C20.847,20.51,21.5,19.336,21.5,18 c0-1.377-3.212-7.126-3.793-7.707c-0.583-0.582-1.896-0.673-3.903-0.273c-0.193,0.039-0.371,0.134-0.511,0.273 c-0.243,0.243-5.929,6.04-3.227,13.066c2.966,7.711,10.579,16.674,20.285,18.13c1.103,0.165,2.137,0.247,3.105,0.247 c5.71,0,9.08-2.873,10.029-8.572C43.556,32.747,43.355,32.331,42.985,32.126z M30.648,39.511 c-10.264-1.539-16.729-11.708-18.715-16.87c-1.97-5.12,1.663-9.685,2.575-10.717c0.742-0.126,1.523-0.179,1.849-0.128 c0.681,0.947,3.039,5.402,3.143,6.204c0,0.525-0.171,1.256-2.207,3.293C17.105,21.48,17,21.734,17,22c0,5.236,11.044,12.5,13,12.5 c1.701,0,3.919-2.859,5.182-4.722c0.073,0.003,0.196,0.028,0.371,0.116c0.36,0.181,0.984,0.588,1.773,1.104 c1.042,0.681,2.426,1.585,4.06,2.522C40.644,37.09,38.57,40.701,30.648,39.511z\"\/><\/g><\/svg>\t\t\t\t\t\t<\/span>\r\n\t\t\t\t\t<\/a>\r\n\t\t\t\t<\/li>\r\n\t\t\t\t\t<\/ul>\r\n<\/div>\r\n\n    <div class=\"wishsuite-table-content-loader\"><\/div>\n<\/div>","protected":false},"excerpt":{"rendered":"","protected":false},"author":1,"featured_media":0,"parent":0,"menu_order":0,"comment_status":"closed","ping_status":"closed","template":"","meta":{"footnotes":""},"class_list":["post-5228","page","type-page","status-publish","hentry"],"yoast_head":"<!-- This site is optimized with the Yoast SEO Premium plugin v27.5 (Yoast SEO v27.5) - https:\/\/yoast.com\/product\/yoast-seo-premium-wordpress\/ -->\n<title>Produkt Merkliste | Latex Reparatur Service<\/title>\n<meta name=\"description\" content=\"Austausch defekter Rei\u00dfverschl\u00fcsse \u2714\ufe0fAnpassungen \u2714\ufe0f Reparaturen von Rissen, L\u00f6chern, N\u00e4hten etc.\u2714\ufe0f Reparatur von chloriertem Latex\" \/>\n<meta name=\"robots\" content=\"index, follow, max-snippet:-1, max-image-preview:large, max-video-preview:-1\" \/>\n<link rel=\"canonical\" href=\"https:\/\/meurers-latex-reparatur-service.de\/en\/wishsuite\/\" \/>\n<meta property=\"og:locale\" content=\"en_US\" \/>\n<meta property=\"og:type\" content=\"article\" \/>\n<meta property=\"og:title\" content=\"Produkt Merkliste\" \/>\n<meta property=\"og:description\" content=\"Austausch defekter Rei\u00dfverschl\u00fcsse \u2714\ufe0fAnpassungen \u2714\ufe0f Reparaturen von Rissen, L\u00f6chern, N\u00e4hten etc.\u2714\ufe0f Reparatur von chloriertem Latex\" \/>\n<meta property=\"og:url\" content=\"https:\/\/meurers-latex-reparatur-service.de\/en\/wishsuite\/\" \/>\n<meta property=\"og:site_name\" content=\"Latex Reparatur Service\" \/>\n<meta property=\"article:publisher\" content=\"https:\/\/www.facebook.com\/MeurersLatexReparaturService\" \/>\n<meta property=\"article:modified_time\" content=\"2025-03-09T16:02:09+00:00\" \/>\n<meta property=\"og:image\" content=\"https:\/\/meurers-latex-reparatur-service.de\/wp-content\/uploads\/2023\/03\/Meurers2-kompremiert.jpg\" \/>\n\t<meta property=\"og:image:width\" content=\"2500\" \/>\n\t<meta property=\"og:image:height\" content=\"1988\" \/>\n\t<meta property=\"og:image:type\" content=\"image\/jpeg\" \/>\n<meta name=\"twitter:card\" content=\"summary_large_image\" \/>\n<meta name=\"twitter:site\" content=\"@MeurersS\" \/>\n<meta name=\"twitter:label1\" content=\"Est. reading time\" \/>\n\t<meta name=\"twitter:data1\" content=\"1 minute\" \/>\n<script type=\"application\/ld+json\" class=\"yoast-schema-graph\">{\"@context\":\"https:\\\/\\\/schema.org\",\"@graph\":[{\"@type\":\"WebPage\",\"@id\":\"https:\\\/\\\/meurers-latex-reparatur-service.de\\\/wishsuite\\\/\",\"url\":\"https:\\\/\\\/meurers-latex-reparatur-service.de\\\/wishsuite\\\/\",\"name\":\"Produkt Merkliste | Latex Reparatur Service\",\"isPartOf\":{\"@id\":\"https:\\\/\\\/meurers-latex-reparatur-service.de\\\/#website\"},\"datePublished\":\"2025-03-09T15:44:08+00:00\",\"dateModified\":\"2025-03-09T16:02:09+00:00\",\"description\":\"Austausch defekter Rei\u00dfverschl\u00fcsse \u2714\ufe0fAnpassungen \u2714\ufe0f Reparaturen von Rissen, L\u00f6chern, N\u00e4hten etc.\u2714\ufe0f Reparatur von chloriertem Latex\",\"breadcrumb\":{\"@id\":\"https:\\\/\\\/meurers-latex-reparatur-service.de\\\/wishsuite\\\/#breadcrumb\"},\"inLanguage\":\"en-US\",\"potentialAction\":[{\"@type\":\"ReadAction\",\"target\":[\"https:\\\/\\\/meurers-latex-reparatur-service.de\\\/wishsuite\\\/\"]}]},{\"@type\":\"BreadcrumbList\",\"@id\":\"https:\\\/\\\/meurers-latex-reparatur-service.de\\\/wishsuite\\\/#breadcrumb\",\"itemListElement\":[{\"@type\":\"ListItem\",\"position\":1,\"name\":\"Startseite\",\"item\":\"https:\\\/\\\/meurers-latex-reparatur-service.de\\\/\"},{\"@type\":\"ListItem\",\"position\":2,\"name\":\"Produkt Merkliste\"}]},{\"@type\":\"WebSite\",\"@id\":\"https:\\\/\\\/meurers-latex-reparatur-service.de\\\/#website\",\"url\":\"https:\\\/\\\/meurers-latex-reparatur-service.de\\\/\",\"name\":\"Latex Reparatur Service\",\"description\":\"Ihr Experte f\u00fcr Latex\",\"publisher\":{\"@id\":\"https:\\\/\\\/meurers-latex-reparatur-service.de\\\/#organization\"},\"potentialAction\":[{\"@type\":\"SearchAction\",\"target\":{\"@type\":\"EntryPoint\",\"urlTemplate\":\"https:\\\/\\\/meurers-latex-reparatur-service.de\\\/?s={search_term_string}\"},\"query-input\":{\"@type\":\"PropertyValueSpecification\",\"valueRequired\":true,\"valueName\":\"search_term_string\"}}],\"inLanguage\":\"en-US\"},{\"@type\":\"Organization\",\"@id\":\"https:\\\/\\\/meurers-latex-reparatur-service.de\\\/#organization\",\"name\":\"Meurers Latex Reparatur Service\",\"alternateName\":\"Wir reparieren Ihre Latex Kleidungsst\u00fccke\",\"url\":\"https:\\\/\\\/meurers-latex-reparatur-service.de\\\/\",\"logo\":{\"@type\":\"ImageObject\",\"inLanguage\":\"en-US\",\"@id\":\"https:\\\/\\\/meurers-latex-reparatur-service.de\\\/#\\\/schema\\\/logo\\\/image\\\/\",\"url\":\"https:\\\/\\\/meurers-latex-reparatur-service.de\\\/wp-content\\\/uploads\\\/2023\\\/03\\\/Meurers2-kompremiert.jpg\",\"contentUrl\":\"https:\\\/\\\/meurers-latex-reparatur-service.de\\\/wp-content\\\/uploads\\\/2023\\\/03\\\/Meurers2-kompremiert.jpg\",\"width\":2500,\"height\":1988,\"caption\":\"Meurers Latex Reparatur Service\"},\"image\":{\"@id\":\"https:\\\/\\\/meurers-latex-reparatur-service.de\\\/#\\\/schema\\\/logo\\\/image\\\/\"},\"sameAs\":[\"https:\\\/\\\/www.facebook.com\\\/MeurersLatexReparaturService\",\"https:\\\/\\\/x.com\\\/MeurersS\",\"https:\\\/\\\/mastodon.social\\\/@meurerslatexreparaturservice\",\"https:\\\/\\\/www.instagram.com\\\/meurers_latexreparaturservice\\\/\",\"https:\\\/\\\/www.linkedin.com\\\/in\\\/andy-meurer-a9930b239\\\/\",\"https:\\\/\\\/www.pinterest.de\\\/MeurersLatexReparaturService\\\/\",\"https:\\\/\\\/www.youtube.com\\\/@meurerslatexreparaturservi2394\",\"https:\\\/\\\/www.tiktok.com\\\/@meurers_latex_reparatur\"],\"description\":\"\u2728 Latexreparatur in Perfektion \u2013 Vertrauen Sie auf Meurers Latex Reparatur Service! \ud83d\udc57 Liebe zum Detail: Jedes Latexkleidungsst\u00fcck wird bei uns mit h\u00f6chster Pr\u00e4zision und viel Leidenschaft repariert. Wir verwenden ausschlie\u00dflich hochwertige Materialien, damit Ihr Latex wieder in neuem Glanz erstrahlt. \ud83d\udd27 Professioneller Reparaturservice \u2013 auch f\u00fcr chloriertes Latex:* Ob Risse, kleine L\u00f6cher oder besch\u00e4digte N\u00e4hte \u2013 wir bringen Ihre Lieblingsst\u00fccke wieder in Form. Auch chloriertes Latex ist bei uns in den besten H\u00e4nden \u2013 fachgerecht, schonend und langlebig instandgesetzt. \ud83d\udc8e Erfahrung & Qualit\u00e4t, die \u00fcberzeugt: Seit vielen Jahren steht Meurers Latex Reparatur Service. f\u00fcr handwerkliche Perfektion, Zuverl\u00e4ssigkeit und Liebe zum Material. Vertrauen Sie auf unser Know-how \u2013 f\u00fcr Ergebnisse, die begeistern. \ud83c\udf10 https:\\\/\\\/meurers-latex-reparatur-service.de\\\/\",\"email\":\"info@meurers-latex-reparatur-service.de\",\"telephone\":\"01608178454\",\"legalName\":\"Meurers Latex Reparatur Service\",\"vatID\":\"DE352591206\"}]}<\/script>\n<!-- \/ Yoast SEO Premium plugin. -->","yoast_head_json":{"title":"Produkt Merkliste | Latex Reparatur Service","description":"Austausch defekter Rei\u00dfverschl\u00fcsse \u2714\ufe0fAnpassungen \u2714\ufe0f Reparaturen von Rissen, L\u00f6chern, N\u00e4hten etc.\u2714\ufe0f Reparatur von chloriertem Latex","robots":{"index":"index","follow":"follow","max-snippet":"max-snippet:-1","max-image-preview":"max-image-preview:large","max-video-preview":"max-video-preview:-1"},"canonical":"https:\/\/meurers-latex-reparatur-service.de\/en\/wishsuite\/","og_locale":"en_US","og_type":"article","og_title":"Produkt Merkliste","og_description":"Austausch defekter Rei\u00dfverschl\u00fcsse \u2714\ufe0fAnpassungen \u2714\ufe0f Reparaturen von Rissen, L\u00f6chern, N\u00e4hten etc.\u2714\ufe0f Reparatur von chloriertem Latex","og_url":"https:\/\/meurers-latex-reparatur-service.de\/en\/wishsuite\/","og_site_name":"Latex Reparatur Service","article_publisher":"https:\/\/www.facebook.com\/MeurersLatexReparaturService","article_modified_time":"2025-03-09T16:02:09+00:00","og_image":[{"width":2500,"height":1988,"url":"https:\/\/meurers-latex-reparatur-service.de\/wp-content\/uploads\/2023\/03\/Meurers2-kompremiert.jpg","type":"image\/jpeg"}],"twitter_card":"summary_large_image","twitter_site":"@MeurersS","twitter_misc":{"Est. reading time":"1 minute"},"schema":{"@context":"https:\/\/schema.org","@graph":[{"@type":"WebPage","@id":"https:\/\/meurers-latex-reparatur-service.de\/wishsuite\/","url":"https:\/\/meurers-latex-reparatur-service.de\/wishsuite\/","name":"Produkt Merkliste | Latex Reparatur Service","isPartOf":{"@id":"https:\/\/meurers-latex-reparatur-service.de\/#website"},"datePublished":"2025-03-09T15:44:08+00:00","dateModified":"2025-03-09T16:02:09+00:00","description":"Austausch defekter Rei\u00dfverschl\u00fcsse \u2714\ufe0fAnpassungen \u2714\ufe0f Reparaturen von Rissen, L\u00f6chern, N\u00e4hten etc.\u2714\ufe0f Reparatur von chloriertem Latex","breadcrumb":{"@id":"https:\/\/meurers-latex-reparatur-service.de\/wishsuite\/#breadcrumb"},"inLanguage":"en-US","potentialAction":[{"@type":"ReadAction","target":["https:\/\/meurers-latex-reparatur-service.de\/wishsuite\/"]}]},{"@type":"BreadcrumbList","@id":"https:\/\/meurers-latex-reparatur-service.de\/wishsuite\/#breadcrumb","itemListElement":[{"@type":"ListItem","position":1,"name":"Startseite","item":"https:\/\/meurers-latex-reparatur-service.de\/"},{"@type":"ListItem","position":2,"name":"Produkt Merkliste"}]},{"@type":"WebSite","@id":"https:\/\/meurers-latex-reparatur-service.de\/#website","url":"https:\/\/meurers-latex-reparatur-service.de\/","name":"Latex Reparatur Service","description":"Ihr Experte f\u00fcr Latex","publisher":{"@id":"https:\/\/meurers-latex-reparatur-service.de\/#organization"},"potentialAction":[{"@type":"SearchAction","target":{"@type":"EntryPoint","urlTemplate":"https:\/\/meurers-latex-reparatur-service.de\/?s={search_term_string}"},"query-input":{"@type":"PropertyValueSpecification","valueRequired":true,"valueName":"search_term_string"}}],"inLanguage":"en-US"},{"@type":"Organization","@id":"https:\/\/meurers-latex-reparatur-service.de\/#organization","name":"Meurers Latex Reparatur Service","alternateName":"Wir reparieren Ihre Latex Kleidungsst\u00fccke","url":"https:\/\/meurers-latex-reparatur-service.de\/","logo":{"@type":"ImageObject","inLanguage":"en-US","@id":"https:\/\/meurers-latex-reparatur-service.de\/#\/schema\/logo\/image\/","url":"https:\/\/meurers-latex-reparatur-service.de\/wp-content\/uploads\/2023\/03\/Meurers2-kompremiert.jpg","contentUrl":"https:\/\/meurers-latex-reparatur-service.de\/wp-content\/uploads\/2023\/03\/Meurers2-kompremiert.jpg","width":2500,"height":1988,"caption":"Meurers Latex Reparatur Service"},"image":{"@id":"https:\/\/meurers-latex-reparatur-service.de\/#\/schema\/logo\/image\/"},"sameAs":["https:\/\/www.facebook.com\/MeurersLatexReparaturService","https:\/\/x.com\/MeurersS","https:\/\/mastodon.social\/@meurerslatexreparaturservice","https:\/\/www.instagram.com\/meurers_latexreparaturservice\/","https:\/\/www.linkedin.com\/in\/andy-meurer-a9930b239\/","https:\/\/www.pinterest.de\/MeurersLatexReparaturService\/","https:\/\/www.youtube.com\/@meurerslatexreparaturservi2394","https:\/\/www.tiktok.com\/@meurers_latex_reparatur"],"description":"\u2728 Latexreparatur in Perfektion \u2013 Vertrauen Sie auf Meurers Latex Reparatur Service! \ud83d\udc57 Liebe zum Detail: Jedes Latexkleidungsst\u00fcck wird bei uns mit h\u00f6chster Pr\u00e4zision und viel Leidenschaft repariert. Wir verwenden ausschlie\u00dflich hochwertige Materialien, damit Ihr Latex wieder in neuem Glanz erstrahlt. \ud83d\udd27 Professioneller Reparaturservice \u2013 auch f\u00fcr chloriertes Latex:* Ob Risse, kleine L\u00f6cher oder besch\u00e4digte N\u00e4hte \u2013 wir bringen Ihre Lieblingsst\u00fccke wieder in Form. Auch chloriertes Latex ist bei uns in den besten H\u00e4nden \u2013 fachgerecht, schonend und langlebig instandgesetzt. \ud83d\udc8e Erfahrung & Qualit\u00e4t, die \u00fcberzeugt: Seit vielen Jahren steht Meurers Latex Reparatur Service. f\u00fcr handwerkliche Perfektion, Zuverl\u00e4ssigkeit und Liebe zum Material. Vertrauen Sie auf unser Know-how \u2013 f\u00fcr Ergebnisse, die begeistern. \ud83c\udf10 https:\/\/meurers-latex-reparatur-service.de\/","email":"info@meurers-latex-reparatur-service.de","telephone":"01608178454","legalName":"Meurers Latex Reparatur Service","vatID":"DE352591206"}]}},"jetpack_sharing_enabled":true,"_links":{"self":[{"href":"https:\/\/meurers-latex-reparatur-service.de\/en\/wp-json\/wp\/v2\/pages\/5228","targetHints":{"allow":["GET"]}}],"collection":[{"href":"https:\/\/meurers-latex-reparatur-service.de\/en\/wp-json\/wp\/v2\/pages"}],"about":[{"href":"https:\/\/meurers-latex-reparatur-service.de\/en\/wp-json\/wp\/v2\/types\/page"}],"author":[{"embeddable":true,"href":"https:\/\/meurers-latex-reparatur-service.de\/en\/wp-json\/wp\/v2\/users\/1"}],"replies":[{"embeddable":true,"href":"https:\/\/meurers-latex-reparatur-service.de\/en\/wp-json\/wp\/v2\/comments?post=5228"}],"version-history":[{"count":1,"href":"https:\/\/meurers-latex-reparatur-service.de\/en\/wp-json\/wp\/v2\/pages\/5228\/revisions"}],"predecessor-version":[{"id":5230,"href":"https:\/\/meurers-latex-reparatur-service.de\/en\/wp-json\/wp\/v2\/pages\/5228\/revisions\/5230"}],"wp:attachment":[{"href":"https:\/\/meurers-latex-reparatur-service.de\/en\/wp-json\/wp\/v2\/media?parent=5228"}],"curies":[{"name":"wp","href":"https:\/\/api.w.org\/{rel}","templated":true}]}}