{"id":3976,"date":"2024-07-16T11:10:05","date_gmt":"2024-07-16T09:10:05","guid":{"rendered":"https:\/\/ko-clan-staging.lima-city.de\/agb\/"},"modified":"2025-07-25T18:05:25","modified_gmt":"2025-07-25T16:05:25","slug":"agb","status":"publish","type":"page","link":"https:\/\/meurers-latex-reparatur-service.de\/en\/agb\/","title":{"rendered":"AGB"},"content":{"rendered":"<div data-elementor-type=\"wp-page\" data-elementor-id=\"3976\" class=\"elementor elementor-3976\" data-elementor-post-type=\"page\">\n\t\t\t\t\t\t<section class=\"elementor-section elementor-top-section elementor-element elementor-element-ce7943a elementor-section-boxed elementor-section-height-default elementor-section-height-default\" data-id=\"ce7943a\" data-element_type=\"section\" data-e-type=\"section\">\n\t\t\t\t\t\t<div class=\"elementor-container elementor-column-gap-default\">\n\t\t\t\t\t<div class=\"elementor-column elementor-col-100 elementor-top-column elementor-element elementor-element-0dc305b\" data-id=\"0dc305b\" data-element_type=\"column\" data-e-type=\"column\">\n\t\t\t<div class=\"elementor-widget-wrap elementor-element-populated\">\n\t\t\t\t\t\t<div class=\"elementor-element elementor-element-d3feef6 elementor-widget elementor-widget-text-editor\" data-id=\"d3feef6\" data-element_type=\"widget\" data-e-type=\"widget\" data-widget_type=\"text-editor.default\">\n\t\t\t\t<div class=\"elementor-widget-container\">\n\t\t\t\t\t\t\t\t\t<p>Allgemeine<strong> Gesch\u00e4ftsbedingungen der Firma Meurers Latex Reparatur Service<\/strong><\/p><p style=\"font-weight: bold; padding-bottom: 10px;\">\u00a71 Geltung gegen\u00fcber Unternehmern und Begriffsdefinitionen<\/p><p>(1) Die nachfolgenden Allgemeinen Gesch\u00e4ftbedingungen gelten f\u00fcr alle Lieferungen zwischen uns und einem Verbraucher<br \/>in ihrer zum Zeitpunkt der Bestellung g\u00fcltigen Fassung.<\/p><p>Verbraucher ist jede nat\u00fcrliche Person, die ein Rechtsgesch\u00e4ft zu Zwecken abschlie\u00dft, die \u00fcberwiegend weder<br \/>ihrer gewerblichen noch ihrer selbst\u00e4ndigen beruflichen T\u00e4tigkeit zugerechnet werden k\u00f6nnen (\u00a7 13 BGB).<\/p><p style=\"font-weight: bold; padding-bottom: 10px;\">\u00a72 Zustandekommen eines Vertrages, Speicherung des Vertragstextes<\/p><p>(1) Die folgenden Regelungen \u00fcber den Vertragsabschluss gelten f\u00fcr Bestellungen \u00fcber unseren Internetshop https:\/\/meurers-latex-reparatur-service.de\/<\/p><p><b>(2) Im Falle des Vertragsschlusses kommt der Vertrag mit<\/b><\/p><div style=\"font-weight: bold; margin-left: 20px;\">Meurers Latex Reparatur Service<br \/>Andy Meurer<br \/>Holzstr. 26<br \/>D-56220 Kettig<br \/>USt-IdNr. DE352591206<\/div><div style=\"font-weight: bold; margin-left: 20px;\">\u00a0<\/div><p>Z<b>ustande.<\/b><\/p><p>(3) Die Pr\u00e4sentation der Waren in unserem Internetshop stellen kein rechtlich bindendes Vertragsangebot unsererseits dar,<br \/>sondern sind nur eine unverbindliche Aufforderungen an den Verbraucher, Waren zu bestellen. Mit der Bestellung der gew\u00fcnschten Ware gibt der Verbraucher ein f\u00fcr<br \/>ihn verbindliches Angebot auf Abschluss eines Kaufvertrages ab.<br \/>(4) Bei Eingang einer Bestellung in unserem Internetshop gelten folgende Regelungen:<br \/>Der Verbraucher gibt ein bindendes Vertragsangebot ab, indem er die in unserem Internetshop vorgesehene Bestellprozedur erfolgreich durchl\u00e4uft.<\/p><p>Die Bestellung erfolgt in folgenden Schritten:<\/p><div><p>1) Auswahl der gew\u00fcnschten Ware<\/p><p>2) Best\u00e4tigen durch Anklicken der Buttons \u201eBestellen\u201c<\/p><p>3) Pr\u00fcfung der Angaben im Warenkorb<\/p><p>4) Bet\u00e4tigung des Buttons \u201ezur Kasse\u201c<\/p><p>5) Anmeldung im Internetshop nach Registrierung und Eingabe der Anmelderangaben (E-Mail-Adresse und Passwort).<\/p><p>6) Nochmalige Pr\u00fcfung bzw. Berichtigung der jeweiligen eingegebenen Daten.<\/p><p>7) Verbindliche Absendung der Bestellung durch Anklicken des Buttons \u201ekostenpflichtig bestellen\u201c bzw. \u201ekaufen\u201c<\/p><\/div><p>Der Verbraucher kann vor dem verbindlichen Absenden der Bestellung durch Bet\u00e4tigen der in dem von ihm verwendeten Internet-Browser enthaltenen \u201eZur\u00fcck\u201c-Taste nach<br \/>Kontrolle seiner Angaben wieder zu der Internetseite gelangen, auf der die Angaben des Kunden erfasst werden und Eingabefehler berichtigen bzw. durch Schlie\u00dfen des<br \/>Internetbrowsers den Bestellvorgang abbrechen.<br \/>Wir best\u00e4tigen den Eingang der Bestellung unmittelbar durch eine automatisch generierte E-Mail (\u201eAuftragsbest\u00e4tigung\u201c). Mit dieser nehmen wir Ihr Angebot an.<\/p><p>(5) Speicherung des Vertragstextes bei Bestellungen \u00fcber unseren Internetshop : Wir senden Ihnen die Bestelldaten und unsere AGB per<br \/>E-Mail zu. Die AGB k\u00f6nnen Sie jederzeit auch unter https:\/\/meurers-latex-reparatur-service.de\/agb\/ einsehen.<\/p><p>Ihre Bestelldaten sind aus Sicherheitsgr\u00fcnden nicht mehr \u00fcber das Internet zug\u00e4nglich.<\/p><p style=\"font-weight: bold; padding-bottom: 10px;\">\u00a73 Preise, Versandkosten, Zahlung, F\u00e4lligkeit<\/p><p>(1) Die angegebenen Preise enthalten die gesetzliche Umsatzsteuer und sonstige Preisbestandteile. Hinzu kommen etwaige Versandkosten.<\/p><p>(2) Der Verbraucher hat die M\u00f6glichkeit der Zahlung per<br \/>Vorkasse,<\/p><p>PayPal,<\/p><p>Kreditkarte(<br \/>Visa,<br \/>Mastercard,<br \/>American Express<br \/>)<\/p><p>(3) Hat der Verbraucher die Zahlung per Vorkasse gew\u00e4hlt, so verpflichtet er sich, den Kaufpreis unverz\u00fcglich nach Vertragsschluss zu zahlen.<\/p><p style=\"font-weight: bold; padding-bottom: 10px;\">\u00a74 Lieferung<\/p><p>(1) Sofern wir dies in der Produktbeschreibung nicht deutlich anders angegeben haben, sind alle von uns angebotenen Artikel sofort versandfertig.<br \/>Die Lieferung erfolgt hier sp\u00e4testen innerhalb von 7 Werktagen.<br \/>Dabei beginnt die Frist f\u00fcr die Lieferung im Falle der Zahlung per Vorkasse am Tag nach<br \/>Zahlungsauftrag an die mit der \u00dcberweisung beauftragte Bank und bei allen anderen Zahlungsarten am Tag nach Vertragsschluss zu laufen.<br \/>F\u00e4llt das Fristende auf einen Samstag, Sonntag oder gesetzlichen Feiertag am Lieferort, so endet die Frist am n\u00e4chsten Werktag.<\/p><p>(2) Die Gefahr des zuf\u00e4lligen Untergangs und der zuf\u00e4lligen Verschlechterung der<br \/>verkauften Sache geht auch beim Versendungskauf erst mit der \u00dcbergabe der Sache an den K\u00e4ufer auf diesen \u00fcber.<\/p><div class=\"html-div xdj266r x11i5rnm xat24cr x1mh8g0r xexx8yu x4uap5 x18d9i69 xkhd6sd\"><div class=\"html-div xdj266r x11i5rnm xat24cr x1mh8g0r xexx8yu x4uap5 x18d9i69 xkhd6sd\" dir=\"auto\"><div class=\"html-div xdj266r x11i5rnm xat24cr x1mh8g0r xexx8yu x4uap5 x18d9i69 xkhd6sd\" data-ad-rendering-role=\"message\"><div id=\":r1p:\" class=\"x1pi30zi x1swvt13 x1iorvi4 xjkvuk6\" data-ad-comet-preview=\"message\" data-ad-preview=\"message\"><div class=\"x78zum5 xdt5ytf xz62fqu x16ldp7u\"><div class=\"xu06os2 x1ok221b\"><div class=\"xdj266r x11i5rnm xat24cr x1mh8g0r x1vvkbs x126k92a\"><div dir=\"auto\"><strong>Produkt, Verf\u00fcgbarkeit und Nachbestellung:<\/strong><\/div><\/div><div class=\"x11i5rnm xat24cr x1mh8g0r x1vvkbs xtlvy1s x126k92a\"><div dir=\"auto\">Sollte ein bestelltes Produkt zum Zeitpunkt der Bestellung nicht vorr\u00e4tig sein, wird der Kunde per E-Mail dar\u00fcber informiert. Das Produkt wird in diesem Fall unverz\u00fcglich nachbestellt und nach Wareneingang an den Kunden versendet. Die Lieferung kann sich dadurch verz\u00f6gern. Der Kunde wird bei wesentlichen Verz\u00f6gerungen \u00fcber den aktuellen Lieferstatus informiert.<\/div><\/div><\/div><\/div><\/div><\/div><\/div><\/div><p style=\"font-weight: bold; padding-bottom: 10px;\">\u00a75 Eigentumsvorbehalt<\/p><p>Wir behalten uns das Eigentum an der Ware bis zur vollst\u00e4ndigen Bezahlung des Kaufpreises vor.<\/p><p style=\"font-weight: bold; padding-bottom: 10px;\">\u00a76 Widerrufsrecht des Kunden als Verbraucher:<\/p><p>Verbrauchern steht ein Widerrufsrecht nach folgender Ma\u00dfgabe zu, wobei Verbraucher jede nat\u00fcrliche Person ist, die ein Rechtsgesch\u00e4ft zu Zwecken abschlie\u00dft,<br \/>die \u00fcberwiegend weder ihrer gewerblichen noch ihrer selbst\u00e4ndigen beruflichen T\u00e4tigkeit zugerechnet werden k\u00f6nnen:<\/p><ul><li style=\"font-weight: bold; padding-bottom: 1px; text-align: center;\">Cancellation policy<\/li><\/ul><p><b>Widerrufsrecht<\/b><\/p><p>Sie haben das Recht, binnen vierzehn Tagen ohne Angabe von Gr\u00fcnden diesen Vertrag zu widerrufen.<\/p><p>Die Widerrufsfrist betr\u00e4gt vierzehn Tage, ab dem Tag, an dem Sie oder ein von Ihnen benannter Dritter,<br \/>der nicht der Bef\u00f6rderer ist, die Waren in Besitz genommen haben bzw. hat.<\/p><p>Um Ihr Widerrufsrecht auszu\u00fcben, m\u00fcssen Sie uns<\/p><div style=\"margin-left: 20px; margin-top: 5px; margin-bottom: 5px;\">Meurers Latex Reparatur Service<br \/>Andy Meurer<br \/>Holzstr. 26<br \/>D-56220 Kettig<br \/>E-Mail info@meurers-latex-reparatur-service.de<\/div><p>mittels einer eindeutigen Erkl\u00e4rung (z.B. ein mit der Post versandter Brief, Telefax oder E-Mail) \u00fcber Ihren Entschluss,<br \/>diesen Vertrag zu widerrufen, informieren. Sie k\u00f6nnen daf\u00fcr das beigef\u00fcgte Muster-Widerrufsformular verwenden, das jedoch nicht vorgeschrieben ist.<\/p><p><b>Widerrufsfolgen<\/b><\/p><p>Wenn Sie diesen Vertrag widerrufen, haben wir Ihnen alle Zahlungen, die wir von Ihnen erhalten haben, einschlie\u00dflich der<br \/>Lieferkosten (mit Ausnahme der zus\u00e4tzlichen Kosten, die sich daraus ergeben, dass Sie eine andere Art der Lieferung als<br \/>die von uns angebotene, g\u00fcnstigste Standardlieferung gew\u00e4hlt haben), unverz\u00fcglich und sp\u00e4testens binnen vierzehn Tagen<br \/>ab dem Tag zur\u00fcckzuzahlen, an dem die Mitteilung \u00fcber Ihren Widerruf dieses Vertrags bei uns eingegangen ist.<br \/>F\u00fcr diese R\u00fcckzahlung verwenden wir dasselbe Zahlungsmittel, das Sie bei der urspr\u00fcnglichen Transaktion eingesetzt haben,<br \/>es sei denn, mit Ihnen wurde ausdr\u00fccklich etwas anderes vereinbart; in keinem Fall werden Ihnen wegen dieser R\u00fcckzahlung Entgelte berechnet.<\/p><p>Wir k\u00f6nnen die R\u00fcckzahlung verweigern, bis wir die Waren wieder zur\u00fcckerhalten haben oder bis Sie den Nachweis erbracht haben,<br \/>dass Sie die Waren zur\u00fcckgesandt haben, je nachdem, welches der fr\u00fchere Zeitpunkt ist.<\/p><p>Sie haben die Waren unverz\u00fcglich und in jedem Fall sp\u00e4testens binnen vierzehn Tagen ab dem Tag, an dem Sie uns \u00fcber den<br \/>Widerruf dieses Vertrages unterrichten, an uns zur\u00fcckzusenden oder zu \u00fcbergeben. Die Frist ist gewahrt,<br \/>wenn Sie die Waren vor Ablauf der Frist von vierzehn Tagen absenden.<\/p><p>Sie tragen die unmittelbaren Kosten der R\u00fccksendung der Waren.<\/p><p><b>Ende der Widerrufsbelehrung<\/b><\/p><p style=\"font-weight: bold; padding-bottom: 10px;\">\u00a77 Widerrufsformular<\/p><p style=\"text-align: center; font-weight: bold;\">Muster-Widerrufsformular<\/p><p>(Wenn Sie den Vertrag widerrufen wollen, dann f\u00fcllen Sie bitte dieses Formular aus und senden Sie es zur\u00fcck.)<\/p><div style=\"border: 1px solid #000000; padding: 10px;\"><p>An :<br \/>Meurers Latex Reparatur Service<br \/>Andy Meurer<br \/>Holzstr. 26<br \/>D-56220 Kettig<br \/>E-Mail info@meurers-latex-reparatur-service.de<\/p><p>Hiermit widerrufe(n) ich\/wir (*) den von mir\/uns (*) abgeschlossenen Vertrag \u00fcber den Kauf der folgenden Waren (*)\/die Erbringung der folgenden Dienstleistung (*)<\/p><p>_____________________________________________________<\/p><p>Bestellt am (*)\/erhalten am (*)<\/p><p>__________________<\/p><p>Name des\/der Verbraucher(s)<\/p><p>_____________________________________________________<\/p><p>Anschrift des\/der Verbraucher(s)<\/p><p>_____________________________________________________<\/p><p>Unterschrift des\/der Verbraucher(s) (nur bei Mitteilung auf Papier)<\/p><p>__________________<\/p><p>Datum<\/p><p>__________________<\/p><\/div><p>(*) Unzutreffendes streichen.<\/p><p style=\"font-weight: bold; padding-bottom: 10px;\">\u00a78 Gew\u00e4hrleistung<\/p><p>Es gelten die gesetzlichen Gew\u00e4hrleistungsregelungen.<\/p><p style=\"font-weight: bold; padding-bottom: 10px;\">\u00a79 Vertragssprache<\/p><p>Als Vertragssprache steht ausschlie\u00dflich Deutsch zur Verf\u00fcgung.<\/p><p style=\"font-weight: bold; padding-bottom: 10px;\">\u00a710 Kundendienst<\/p><p style=\"font-weight: bold; padding-bottom: 10px;\"><b>Unser Kundendienst f\u00fcr Fragen, Reklamationen und Beanstandungen steht Ihnen werktags von<br \/>8:00 Uhr bis<br \/>20:00 Uhr unter<\/b><\/p><p style=\"margin-left: 20px;\">Telefon: 01608178454<br \/>E-Mail: info@meurers-latex-reparatur-service.de<\/p><p>zur Verf\u00fcgung.<\/p><p>Stand der AGB Jul.2024<\/p><p><i><a href=\"http:\/\/www.agb.de\">Gratis AGB<\/a> erstellt von agb.de<\/i><\/p>\t\t\t\t\t\t\t\t<\/div>\n\t\t\t\t<\/div>\n\t\t\t\t\t<\/div>\n\t\t<\/div>\n\t\t\t\t\t<\/div>\n\t\t<\/section>\n\t\t\t\t<\/div>","protected":false},"excerpt":{"rendered":"<p>Allgemeine Gesch\u00e4ftsbedingungen der Firma Meurers Latex Reparatur Service \u00a71 Geltung gegen\u00fcber Unternehmern und Begriffsdefinitionen (1) Die nachfolgenden Allgemeinen Gesch\u00e4ftbedingungen gelten f\u00fcr alle Lieferungen zwischen uns und einem Verbraucherin ihrer zum Zeitpunkt der Bestellung g\u00fcltigen Fassung. Verbraucher ist jede nat\u00fcrliche Person, die ein Rechtsgesch\u00e4ft zu Zwecken abschlie\u00dft, die \u00fcberwiegend wederihrer gewerblichen noch ihrer selbst\u00e4ndigen beruflichen T\u00e4tigkeit zugerechnet werden k\u00f6nnen (\u00a7 13 BGB). \u00a72 Zustandekommen eines Vertrages, Speicherung des Vertragstextes (1) Die folgenden Regelungen \u00fcber den Vertragsabschluss gelten f\u00fcr Bestellungen \u00fcber unseren Internetshop https:\/\/meurers-latex-reparatur-service.de\/ (2) Im Falle des Vertragsschlusses kommt der Vertrag mit Meurers Latex Reparatur ServiceAndy MeurerHolzstr. 26D-56220 KettigUSt-IdNr. DE352591206\u00a0 Zustande. &hellip;<\/p>","protected":false},"author":1,"featured_media":0,"parent":0,"menu_order":0,"comment_status":"closed","ping_status":"closed","template":"","meta":{"footnotes":""},"class_list":["post-3976","page","type-page","status-publish","hentry"],"yoast_head":"<!-- This site is optimized with the Yoast SEO Premium plugin v26.7 (Yoast SEO v27.3) - https:\/\/yoast.com\/product\/yoast-seo-premium-wordpress\/ -->\n<title>AGB | Latex Reparatur Service<\/title>\n<meta name=\"description\" content=\"Austausch defekter Rei\u00dfverschl\u00fcsse \u2714\ufe0fAnpassungen \u2714\ufe0f Reparaturen von Rissen, L\u00f6chern, N\u00e4hten etc.\u2714\ufe0f Reparatur von chloriertem Latex\" \/>\n<meta name=\"robots\" content=\"noindex, follow\" \/>\n<meta property=\"og:locale\" content=\"en_US\" \/>\n<meta property=\"og:type\" content=\"article\" \/>\n<meta property=\"og:title\" content=\"AGB\" \/>\n<meta property=\"og:description\" content=\"Austausch defekter Rei\u00dfverschl\u00fcsse \u2714\ufe0fAnpassungen \u2714\ufe0f Reparaturen von Rissen, L\u00f6chern, N\u00e4hten etc.\u2714\ufe0f Reparatur von chloriertem Latex\" \/>\n<meta property=\"og:url\" content=\"https:\/\/meurers-latex-reparatur-service.de\/en\/agb\/\" \/>\n<meta property=\"og:site_name\" content=\"Latex Reparatur Service\" \/>\n<meta property=\"article:publisher\" content=\"https:\/\/www.facebook.com\/MeurersLatexReparaturService\" \/>\n<meta property=\"article:modified_time\" content=\"2025-07-25T16:05:25+00:00\" \/>\n<meta property=\"og:image\" content=\"https:\/\/meurers-latex-reparatur-service.de\/wp-content\/uploads\/2023\/03\/Meurers2-kompremiert.jpg\" \/>\n\t<meta property=\"og:image:width\" content=\"2500\" \/>\n\t<meta property=\"og:image:height\" content=\"1988\" \/>\n\t<meta property=\"og:image:type\" content=\"image\/jpeg\" \/>\n<meta name=\"twitter:card\" content=\"summary_large_image\" \/>\n<meta name=\"twitter:site\" content=\"@MeurersS\" \/>\n<meta name=\"twitter:label1\" content=\"Est. reading time\" \/>\n\t<meta name=\"twitter:data1\" content=\"6 minutes\" \/>\n<script type=\"application\/ld+json\" class=\"yoast-schema-graph\">{\"@context\":\"https:\\\/\\\/schema.org\",\"@graph\":[{\"@type\":\"WebPage\",\"@id\":\"https:\\\/\\\/meurers-latex-reparatur-service.de\\\/agb\\\/\",\"url\":\"https:\\\/\\\/meurers-latex-reparatur-service.de\\\/agb\\\/\",\"name\":\"AGB | Latex Reparatur Service\",\"isPartOf\":{\"@id\":\"https:\\\/\\\/meurers-latex-reparatur-service.de\\\/#website\"},\"datePublished\":\"2024-07-16T09:10:05+00:00\",\"dateModified\":\"2025-07-25T16:05:25+00:00\",\"description\":\"Austausch defekter Rei\u00dfverschl\u00fcsse \u2714\ufe0fAnpassungen \u2714\ufe0f Reparaturen von Rissen, L\u00f6chern, N\u00e4hten etc.\u2714\ufe0f Reparatur von chloriertem Latex\",\"breadcrumb\":{\"@id\":\"https:\\\/\\\/meurers-latex-reparatur-service.de\\\/agb\\\/#breadcrumb\"},\"inLanguage\":\"en-US\",\"potentialAction\":[{\"@type\":\"ReadAction\",\"target\":[\"https:\\\/\\\/meurers-latex-reparatur-service.de\\\/agb\\\/\"]}]},{\"@type\":\"BreadcrumbList\",\"@id\":\"https:\\\/\\\/meurers-latex-reparatur-service.de\\\/agb\\\/#breadcrumb\",\"itemListElement\":[{\"@type\":\"ListItem\",\"position\":1,\"name\":\"Startseite\",\"item\":\"https:\\\/\\\/meurers-latex-reparatur-service.de\\\/\"},{\"@type\":\"ListItem\",\"position\":2,\"name\":\"AGB\"}]},{\"@type\":\"WebSite\",\"@id\":\"https:\\\/\\\/meurers-latex-reparatur-service.de\\\/#website\",\"url\":\"https:\\\/\\\/meurers-latex-reparatur-service.de\\\/\",\"name\":\"Latex Reparatur Service\",\"description\":\"Ihr Experte f\u00fcr Latex\",\"publisher\":{\"@id\":\"https:\\\/\\\/meurers-latex-reparatur-service.de\\\/#organization\"},\"potentialAction\":[{\"@type\":\"SearchAction\",\"target\":{\"@type\":\"EntryPoint\",\"urlTemplate\":\"https:\\\/\\\/meurers-latex-reparatur-service.de\\\/?s={search_term_string}\"},\"query-input\":{\"@type\":\"PropertyValueSpecification\",\"valueRequired\":true,\"valueName\":\"search_term_string\"}}],\"inLanguage\":\"en-US\"},{\"@type\":\"Organization\",\"@id\":\"https:\\\/\\\/meurers-latex-reparatur-service.de\\\/#organization\",\"name\":\"Meurers Latex Reparatur Service\",\"alternateName\":\"Wir reparieren Ihre Latex Kleidungsst\u00fccke\",\"url\":\"https:\\\/\\\/meurers-latex-reparatur-service.de\\\/\",\"logo\":{\"@type\":\"ImageObject\",\"inLanguage\":\"en-US\",\"@id\":\"https:\\\/\\\/meurers-latex-reparatur-service.de\\\/#\\\/schema\\\/logo\\\/image\\\/\",\"url\":\"https:\\\/\\\/meurers-latex-reparatur-service.de\\\/wp-content\\\/uploads\\\/2023\\\/03\\\/Meurers2-kompremiert.jpg\",\"contentUrl\":\"https:\\\/\\\/meurers-latex-reparatur-service.de\\\/wp-content\\\/uploads\\\/2023\\\/03\\\/Meurers2-kompremiert.jpg\",\"width\":2500,\"height\":1988,\"caption\":\"Meurers Latex Reparatur Service\"},\"image\":{\"@id\":\"https:\\\/\\\/meurers-latex-reparatur-service.de\\\/#\\\/schema\\\/logo\\\/image\\\/\"},\"sameAs\":[\"https:\\\/\\\/www.facebook.com\\\/MeurersLatexReparaturService\",\"https:\\\/\\\/x.com\\\/MeurersS\",\"https:\\\/\\\/mastodon.social\\\/@meurerslatexreparaturservice\",\"https:\\\/\\\/www.instagram.com\\\/meurers_latexreparaturservice\\\/\",\"https:\\\/\\\/www.linkedin.com\\\/in\\\/andy-meurer-a9930b239\\\/\",\"https:\\\/\\\/www.pinterest.de\\\/MeurersLatexReparaturService\\\/\",\"https:\\\/\\\/www.youtube.com\\\/@meurerslatexreparaturservi2394\",\"https:\\\/\\\/www.tiktok.com\\\/@meurers_latex_reparatur\"],\"description\":\"\u2728 Latexreparatur in Perfektion \u2013 Vertrauen Sie auf Meurers Latex Reparatur Service! \ud83d\udc57 Liebe zum Detail: Jedes Latexkleidungsst\u00fcck wird bei uns mit h\u00f6chster Pr\u00e4zision und viel Leidenschaft repariert. Wir verwenden ausschlie\u00dflich hochwertige Materialien, damit Ihr Latex wieder in neuem Glanz erstrahlt. \ud83d\udd27 Professioneller Reparaturservice \u2013 auch f\u00fcr chloriertes Latex:* Ob Risse, kleine L\u00f6cher oder besch\u00e4digte N\u00e4hte \u2013 wir bringen Ihre Lieblingsst\u00fccke wieder in Form. Auch chloriertes Latex ist bei uns in den besten H\u00e4nden \u2013 fachgerecht, schonend und langlebig instandgesetzt. \ud83d\udc8e Erfahrung & Qualit\u00e4t, die \u00fcberzeugt: Seit vielen Jahren steht Meurers Latex Reparatur Service. f\u00fcr handwerkliche Perfektion, Zuverl\u00e4ssigkeit und Liebe zum Material. Vertrauen Sie auf unser Know-how \u2013 f\u00fcr Ergebnisse, die begeistern. \ud83c\udf10 https:\\\/\\\/meurers-latex-reparatur-service.de\\\/\",\"email\":\"info@meurers-latex-reparatur-service.de\",\"telephone\":\"01608178454\",\"legalName\":\"Meurers Latex Reparatur Service\",\"vatID\":\"DE352591206\"}]}<\/script>\n<!-- \/ Yoast SEO Premium plugin. -->","yoast_head_json":{"title":"AGB | Latex Reparatur Service","description":"Austausch defekter Rei\u00dfverschl\u00fcsse \u2714\ufe0fAnpassungen \u2714\ufe0f Reparaturen von Rissen, L\u00f6chern, N\u00e4hten etc.\u2714\ufe0f Reparatur von chloriertem Latex","robots":{"index":"noindex","follow":"follow"},"og_locale":"en_US","og_type":"article","og_title":"AGB","og_description":"Austausch defekter Rei\u00dfverschl\u00fcsse \u2714\ufe0fAnpassungen \u2714\ufe0f Reparaturen von Rissen, L\u00f6chern, N\u00e4hten etc.\u2714\ufe0f Reparatur von chloriertem Latex","og_url":"https:\/\/meurers-latex-reparatur-service.de\/en\/agb\/","og_site_name":"Latex Reparatur Service","article_publisher":"https:\/\/www.facebook.com\/MeurersLatexReparaturService","article_modified_time":"2025-07-25T16:05:25+00:00","og_image":[{"width":2500,"height":1988,"url":"https:\/\/meurers-latex-reparatur-service.de\/wp-content\/uploads\/2023\/03\/Meurers2-kompremiert.jpg","type":"image\/jpeg"}],"twitter_card":"summary_large_image","twitter_site":"@MeurersS","twitter_misc":{"Est. reading time":"6 minutes"},"schema":{"@context":"https:\/\/schema.org","@graph":[{"@type":"WebPage","@id":"https:\/\/meurers-latex-reparatur-service.de\/agb\/","url":"https:\/\/meurers-latex-reparatur-service.de\/agb\/","name":"AGB | Latex Reparatur Service","isPartOf":{"@id":"https:\/\/meurers-latex-reparatur-service.de\/#website"},"datePublished":"2024-07-16T09:10:05+00:00","dateModified":"2025-07-25T16:05:25+00:00","description":"Austausch defekter Rei\u00dfverschl\u00fcsse \u2714\ufe0fAnpassungen \u2714\ufe0f Reparaturen von Rissen, L\u00f6chern, N\u00e4hten etc.\u2714\ufe0f Reparatur von chloriertem Latex","breadcrumb":{"@id":"https:\/\/meurers-latex-reparatur-service.de\/agb\/#breadcrumb"},"inLanguage":"en-US","potentialAction":[{"@type":"ReadAction","target":["https:\/\/meurers-latex-reparatur-service.de\/agb\/"]}]},{"@type":"BreadcrumbList","@id":"https:\/\/meurers-latex-reparatur-service.de\/agb\/#breadcrumb","itemListElement":[{"@type":"ListItem","position":1,"name":"Startseite","item":"https:\/\/meurers-latex-reparatur-service.de\/"},{"@type":"ListItem","position":2,"name":"AGB"}]},{"@type":"WebSite","@id":"https:\/\/meurers-latex-reparatur-service.de\/#website","url":"https:\/\/meurers-latex-reparatur-service.de\/","name":"Latex Reparatur Service","description":"Ihr Experte f\u00fcr Latex","publisher":{"@id":"https:\/\/meurers-latex-reparatur-service.de\/#organization"},"potentialAction":[{"@type":"SearchAction","target":{"@type":"EntryPoint","urlTemplate":"https:\/\/meurers-latex-reparatur-service.de\/?s={search_term_string}"},"query-input":{"@type":"PropertyValueSpecification","valueRequired":true,"valueName":"search_term_string"}}],"inLanguage":"en-US"},{"@type":"Organization","@id":"https:\/\/meurers-latex-reparatur-service.de\/#organization","name":"Meurers Latex Reparatur Service","alternateName":"Wir reparieren Ihre Latex Kleidungsst\u00fccke","url":"https:\/\/meurers-latex-reparatur-service.de\/","logo":{"@type":"ImageObject","inLanguage":"en-US","@id":"https:\/\/meurers-latex-reparatur-service.de\/#\/schema\/logo\/image\/","url":"https:\/\/meurers-latex-reparatur-service.de\/wp-content\/uploads\/2023\/03\/Meurers2-kompremiert.jpg","contentUrl":"https:\/\/meurers-latex-reparatur-service.de\/wp-content\/uploads\/2023\/03\/Meurers2-kompremiert.jpg","width":2500,"height":1988,"caption":"Meurers Latex Reparatur Service"},"image":{"@id":"https:\/\/meurers-latex-reparatur-service.de\/#\/schema\/logo\/image\/"},"sameAs":["https:\/\/www.facebook.com\/MeurersLatexReparaturService","https:\/\/x.com\/MeurersS","https:\/\/mastodon.social\/@meurerslatexreparaturservice","https:\/\/www.instagram.com\/meurers_latexreparaturservice\/","https:\/\/www.linkedin.com\/in\/andy-meurer-a9930b239\/","https:\/\/www.pinterest.de\/MeurersLatexReparaturService\/","https:\/\/www.youtube.com\/@meurerslatexreparaturservi2394","https:\/\/www.tiktok.com\/@meurers_latex_reparatur"],"description":"\u2728 Latexreparatur in Perfektion \u2013 Vertrauen Sie auf Meurers Latex Reparatur Service! \ud83d\udc57 Liebe zum Detail: Jedes Latexkleidungsst\u00fcck wird bei uns mit h\u00f6chster Pr\u00e4zision und viel Leidenschaft repariert. Wir verwenden ausschlie\u00dflich hochwertige Materialien, damit Ihr Latex wieder in neuem Glanz erstrahlt. \ud83d\udd27 Professioneller Reparaturservice \u2013 auch f\u00fcr chloriertes Latex:* Ob Risse, kleine L\u00f6cher oder besch\u00e4digte N\u00e4hte \u2013 wir bringen Ihre Lieblingsst\u00fccke wieder in Form. Auch chloriertes Latex ist bei uns in den besten H\u00e4nden \u2013 fachgerecht, schonend und langlebig instandgesetzt. \ud83d\udc8e Erfahrung & Qualit\u00e4t, die \u00fcberzeugt: Seit vielen Jahren steht Meurers Latex Reparatur Service. f\u00fcr handwerkliche Perfektion, Zuverl\u00e4ssigkeit und Liebe zum Material. Vertrauen Sie auf unser Know-how \u2013 f\u00fcr Ergebnisse, die begeistern. \ud83c\udf10 https:\/\/meurers-latex-reparatur-service.de\/","email":"info@meurers-latex-reparatur-service.de","telephone":"01608178454","legalName":"Meurers Latex Reparatur Service","vatID":"DE352591206"}]}},"jetpack_sharing_enabled":true,"_links":{"self":[{"href":"https:\/\/meurers-latex-reparatur-service.de\/en\/wp-json\/wp\/v2\/pages\/3976","targetHints":{"allow":["GET"]}}],"collection":[{"href":"https:\/\/meurers-latex-reparatur-service.de\/en\/wp-json\/wp\/v2\/pages"}],"about":[{"href":"https:\/\/meurers-latex-reparatur-service.de\/en\/wp-json\/wp\/v2\/types\/page"}],"author":[{"embeddable":true,"href":"https:\/\/meurers-latex-reparatur-service.de\/en\/wp-json\/wp\/v2\/users\/1"}],"replies":[{"embeddable":true,"href":"https:\/\/meurers-latex-reparatur-service.de\/en\/wp-json\/wp\/v2\/comments?post=3976"}],"version-history":[{"count":5,"href":"https:\/\/meurers-latex-reparatur-service.de\/en\/wp-json\/wp\/v2\/pages\/3976\/revisions"}],"predecessor-version":[{"id":5248,"href":"https:\/\/meurers-latex-reparatur-service.de\/en\/wp-json\/wp\/v2\/pages\/3976\/revisions\/5248"}],"wp:attachment":[{"href":"https:\/\/meurers-latex-reparatur-service.de\/en\/wp-json\/wp\/v2\/media?parent=3976"}],"curies":[{"name":"wp","href":"https:\/\/api.w.org\/{rel}","templated":true}]}}