{"id":3957,"date":"2024-07-15T10:23:10","date_gmt":"2024-07-15T08:23:10","guid":{"rendered":"https:\/\/ko-clan-staging.lima-city.de\/my-account\/"},"modified":"2024-10-15T10:57:36","modified_gmt":"2024-10-15T08:57:36","slug":"mein-account","status":"publish","type":"page","link":"https:\/\/meurers-latex-reparatur-service.de\/en\/mein-account\/","title":{"rendered":"Mein Account"},"content":{"rendered":"<div data-elementor-type=\"wp-page\" data-elementor-id=\"3957\" class=\"elementor elementor-3957\" data-elementor-post-type=\"page\">\n\t\t\t\t\t\t<section class=\"elementor-section elementor-top-section elementor-element elementor-element-e62c424 elementor-section-boxed elementor-section-height-default elementor-section-height-default\" data-id=\"e62c424\" data-element_type=\"section\" data-e-type=\"section\">\n\t\t\t\t\t\t<div class=\"elementor-container elementor-column-gap-default\">\n\t\t\t\t\t<div class=\"elementor-column elementor-col-100 elementor-top-column elementor-element elementor-element-54d9e18\" data-id=\"54d9e18\" data-element_type=\"column\" data-e-type=\"column\">\n\t\t\t<div class=\"elementor-widget-wrap elementor-element-populated\">\n\t\t\t\t\t\t<div class=\"elementor-element elementor-element-fd8da58 elementor-widget elementor-widget-image\" data-id=\"fd8da58\" data-element_type=\"widget\" data-e-type=\"widget\" data-widget_type=\"image.default\">\n\t\t\t\t<div class=\"elementor-widget-container\">\n\t\t\t\t\t\t\t\t\t\t\t\t\t\t\t<img decoding=\"async\" width=\"305\" height=\"61\" src=\"https:\/\/meurers-latex-reparatur-service.de\/wp-content\/uploads\/2024\/10\/anmelden-regestrieren.png\" class=\"attachment-large size-large wp-image-5089\" alt=\"Vivishine Pflegeprodukte f\u00fcr Latex \u2013 Shop-Banner zur Anmeldung\" srcset=\"https:\/\/meurers-latex-reparatur-service.de\/wp-content\/uploads\/2024\/10\/anmelden-regestrieren.png 305w, https:\/\/meurers-latex-reparatur-service.de\/wp-content\/uploads\/2024\/10\/anmelden-regestrieren-18x4.png 18w, https:\/\/meurers-latex-reparatur-service.de\/wp-content\/uploads\/2024\/10\/anmelden-regestrieren-300x61.png 300w\" sizes=\"(max-width: 305px) 100vw, 305px\" \/>\t\t\t\t\t\t\t\t\t\t\t\t\t\t\t<\/div>\n\t\t\t\t<\/div>\n\t\t\t\t\t<\/div>\n\t\t<\/div>\n\t\t\t\t\t<\/div>\n\t\t<\/section>\n\t\t\t\t<section class=\"elementor-section elementor-top-section elementor-element elementor-element-316416b3 elementor-section-boxed elementor-section-height-default elementor-section-height-default\" data-id=\"316416b3\" data-element_type=\"section\" data-e-type=\"section\">\n\t\t\t\t\t\t<div class=\"elementor-container elementor-column-gap-default\">\n\t\t\t\t\t<div class=\"elementor-column elementor-col-100 elementor-top-column elementor-element elementor-element-545ba2ad\" data-id=\"545ba2ad\" data-element_type=\"column\" data-e-type=\"column\">\n\t\t\t<div class=\"elementor-widget-wrap elementor-element-populated\">\n\t\t\t\t\t\t<div class=\"elementor-element elementor-element-2231cb74 elementor-widget elementor-widget-text-editor\" data-id=\"2231cb74\" data-element_type=\"widget\" data-e-type=\"widget\" data-widget_type=\"text-editor.default\">\n\t\t\t\t<div class=\"elementor-widget-container\">\n\t\t\t\t\t\t\t\t\t<p><div class=\"woocommerce\"><\/div><\/p>\n\t\t\t\t\t\t\t\t<\/div>\n\t\t\t\t<\/div>\n\t\t\t\t\t<\/div>\n\t\t<\/div>\n\t\t\t\t\t<\/div>\n\t\t<\/section>\n\t\t\t\t<\/div>","protected":false},"excerpt":{"rendered":"","protected":false},"author":1,"featured_media":0,"parent":0,"menu_order":0,"comment_status":"closed","ping_status":"closed","template":"","meta":{"footnotes":""},"class_list":["post-3957","page","type-page","status-publish","hentry"],"yoast_head":"<!-- This site is optimized with the Yoast SEO Premium plugin v26.7 (Yoast SEO v27.3) - https:\/\/yoast.com\/product\/yoast-seo-premium-wordpress\/ -->\n<title>Mein Account | Latex Reparatur Service<\/title>\n<meta name=\"description\" content=\"Austausch defekter Rei\u00dfverschl\u00fcsse \u2714\ufe0fAnpassungen \u2714\ufe0f Reparaturen von Rissen, L\u00f6chern, N\u00e4hten etc.\u2714\ufe0f Reparatur von chloriertem Latex\" \/>\n<meta name=\"robots\" content=\"index, follow, max-snippet:-1, max-image-preview:large, max-video-preview:-1\" \/>\n<link rel=\"canonical\" href=\"https:\/\/meurers-latex-reparatur-service.de\/en\/mein-account\/\" \/>\n<meta property=\"og:locale\" content=\"en_US\" \/>\n<meta property=\"og:type\" content=\"article\" \/>\n<meta property=\"og:title\" content=\"Mein Account\" \/>\n<meta property=\"og:description\" content=\"Austausch defekter Rei\u00dfverschl\u00fcsse \u2714\ufe0fAnpassungen \u2714\ufe0f Reparaturen von Rissen, L\u00f6chern, N\u00e4hten etc.\u2714\ufe0f Reparatur von chloriertem Latex\" \/>\n<meta property=\"og:url\" content=\"https:\/\/meurers-latex-reparatur-service.de\/en\/mein-account\/\" \/>\n<meta property=\"og:site_name\" content=\"Latex Reparatur Service\" \/>\n<meta property=\"article:publisher\" content=\"https:\/\/www.facebook.com\/MeurersLatexReparaturService\" \/>\n<meta property=\"article:modified_time\" content=\"2024-10-15T08:57:36+00:00\" \/>\n<meta property=\"og:image\" content=\"https:\/\/meurers-latex-reparatur-service.de\/wp-content\/uploads\/2024\/10\/anmelden-regestrieren.png\" \/>\n\t<meta property=\"og:image:width\" content=\"305\" \/>\n\t<meta property=\"og:image:height\" content=\"61\" \/>\n\t<meta property=\"og:image:type\" content=\"image\/png\" \/>\n<meta name=\"twitter:card\" content=\"summary_large_image\" \/>\n<meta name=\"twitter:site\" content=\"@MeurersS\" \/>\n<meta name=\"twitter:label1\" content=\"Est. reading time\" \/>\n\t<meta name=\"twitter:data1\" content=\"1 minute\" \/>\n<script type=\"application\/ld+json\" class=\"yoast-schema-graph\">{\"@context\":\"https:\\\/\\\/schema.org\",\"@graph\":[{\"@type\":\"WebPage\",\"@id\":\"https:\\\/\\\/meurers-latex-reparatur-service.de\\\/mein-account\\\/\",\"url\":\"https:\\\/\\\/meurers-latex-reparatur-service.de\\\/mein-account\\\/\",\"name\":\"Mein Account | Latex Reparatur Service\",\"isPartOf\":{\"@id\":\"https:\\\/\\\/meurers-latex-reparatur-service.de\\\/#website\"},\"primaryImageOfPage\":{\"@id\":\"https:\\\/\\\/meurers-latex-reparatur-service.de\\\/mein-account\\\/#primaryimage\"},\"image\":{\"@id\":\"https:\\\/\\\/meurers-latex-reparatur-service.de\\\/mein-account\\\/#primaryimage\"},\"thumbnailUrl\":\"https:\\\/\\\/meurers-latex-reparatur-service.de\\\/wp-content\\\/uploads\\\/2024\\\/10\\\/anmelden-regestrieren.png\",\"datePublished\":\"2024-07-15T08:23:10+00:00\",\"dateModified\":\"2024-10-15T08:57:36+00:00\",\"description\":\"Austausch defekter Rei\u00dfverschl\u00fcsse \u2714\ufe0fAnpassungen \u2714\ufe0f Reparaturen von Rissen, L\u00f6chern, N\u00e4hten etc.\u2714\ufe0f Reparatur von chloriertem Latex\",\"breadcrumb\":{\"@id\":\"https:\\\/\\\/meurers-latex-reparatur-service.de\\\/mein-account\\\/#breadcrumb\"},\"inLanguage\":\"en-US\",\"potentialAction\":[{\"@type\":\"ReadAction\",\"target\":[\"https:\\\/\\\/meurers-latex-reparatur-service.de\\\/mein-account\\\/\"]}]},{\"@type\":\"ImageObject\",\"inLanguage\":\"en-US\",\"@id\":\"https:\\\/\\\/meurers-latex-reparatur-service.de\\\/mein-account\\\/#primaryimage\",\"url\":\"https:\\\/\\\/meurers-latex-reparatur-service.de\\\/wp-content\\\/uploads\\\/2024\\\/10\\\/anmelden-regestrieren.png\",\"contentUrl\":\"https:\\\/\\\/meurers-latex-reparatur-service.de\\\/wp-content\\\/uploads\\\/2024\\\/10\\\/anmelden-regestrieren.png\"},{\"@type\":\"BreadcrumbList\",\"@id\":\"https:\\\/\\\/meurers-latex-reparatur-service.de\\\/mein-account\\\/#breadcrumb\",\"itemListElement\":[{\"@type\":\"ListItem\",\"position\":1,\"name\":\"Startseite\",\"item\":\"https:\\\/\\\/meurers-latex-reparatur-service.de\\\/\"},{\"@type\":\"ListItem\",\"position\":2,\"name\":\"Mein Account\"}]},{\"@type\":\"WebSite\",\"@id\":\"https:\\\/\\\/meurers-latex-reparatur-service.de\\\/#website\",\"url\":\"https:\\\/\\\/meurers-latex-reparatur-service.de\\\/\",\"name\":\"Latex Reparatur Service\",\"description\":\"Ihr Experte f\u00fcr Latex\",\"publisher\":{\"@id\":\"https:\\\/\\\/meurers-latex-reparatur-service.de\\\/#organization\"},\"potentialAction\":[{\"@type\":\"SearchAction\",\"target\":{\"@type\":\"EntryPoint\",\"urlTemplate\":\"https:\\\/\\\/meurers-latex-reparatur-service.de\\\/?s={search_term_string}\"},\"query-input\":{\"@type\":\"PropertyValueSpecification\",\"valueRequired\":true,\"valueName\":\"search_term_string\"}}],\"inLanguage\":\"en-US\"},{\"@type\":\"Organization\",\"@id\":\"https:\\\/\\\/meurers-latex-reparatur-service.de\\\/#organization\",\"name\":\"Meurers Latex Reparatur Service\",\"alternateName\":\"Wir reparieren Ihre Latex Kleidungsst\u00fccke\",\"url\":\"https:\\\/\\\/meurers-latex-reparatur-service.de\\\/\",\"logo\":{\"@type\":\"ImageObject\",\"inLanguage\":\"en-US\",\"@id\":\"https:\\\/\\\/meurers-latex-reparatur-service.de\\\/#\\\/schema\\\/logo\\\/image\\\/\",\"url\":\"https:\\\/\\\/meurers-latex-reparatur-service.de\\\/wp-content\\\/uploads\\\/2023\\\/03\\\/Meurers2-kompremiert.jpg\",\"contentUrl\":\"https:\\\/\\\/meurers-latex-reparatur-service.de\\\/wp-content\\\/uploads\\\/2023\\\/03\\\/Meurers2-kompremiert.jpg\",\"width\":2500,\"height\":1988,\"caption\":\"Meurers Latex Reparatur Service\"},\"image\":{\"@id\":\"https:\\\/\\\/meurers-latex-reparatur-service.de\\\/#\\\/schema\\\/logo\\\/image\\\/\"},\"sameAs\":[\"https:\\\/\\\/www.facebook.com\\\/MeurersLatexReparaturService\",\"https:\\\/\\\/x.com\\\/MeurersS\",\"https:\\\/\\\/mastodon.social\\\/@meurerslatexreparaturservice\",\"https:\\\/\\\/www.instagram.com\\\/meurers_latexreparaturservice\\\/\",\"https:\\\/\\\/www.linkedin.com\\\/in\\\/andy-meurer-a9930b239\\\/\",\"https:\\\/\\\/www.pinterest.de\\\/MeurersLatexReparaturService\\\/\",\"https:\\\/\\\/www.youtube.com\\\/@meurerslatexreparaturservi2394\",\"https:\\\/\\\/www.tiktok.com\\\/@meurers_latex_reparatur\"],\"description\":\"\u2728 Latexreparatur in Perfektion \u2013 Vertrauen Sie auf Meurers Latex Reparatur Service! \ud83d\udc57 Liebe zum Detail: Jedes Latexkleidungsst\u00fcck wird bei uns mit h\u00f6chster Pr\u00e4zision und viel Leidenschaft repariert. Wir verwenden ausschlie\u00dflich hochwertige Materialien, damit Ihr Latex wieder in neuem Glanz erstrahlt. \ud83d\udd27 Professioneller Reparaturservice \u2013 auch f\u00fcr chloriertes Latex:* Ob Risse, kleine L\u00f6cher oder besch\u00e4digte N\u00e4hte \u2013 wir bringen Ihre Lieblingsst\u00fccke wieder in Form. Auch chloriertes Latex ist bei uns in den besten H\u00e4nden \u2013 fachgerecht, schonend und langlebig instandgesetzt. \ud83d\udc8e Erfahrung & Qualit\u00e4t, die \u00fcberzeugt: Seit vielen Jahren steht Meurers Latex Reparatur Service. f\u00fcr handwerkliche Perfektion, Zuverl\u00e4ssigkeit und Liebe zum Material. Vertrauen Sie auf unser Know-how \u2013 f\u00fcr Ergebnisse, die begeistern. \ud83c\udf10 https:\\\/\\\/meurers-latex-reparatur-service.de\\\/\",\"email\":\"info@meurers-latex-reparatur-service.de\",\"telephone\":\"01608178454\",\"legalName\":\"Meurers Latex Reparatur Service\",\"vatID\":\"DE352591206\"}]}<\/script>\n<!-- \/ Yoast SEO Premium plugin. -->","yoast_head_json":{"title":"Mein Account | Latex Reparatur Service","description":"Austausch defekter Rei\u00dfverschl\u00fcsse \u2714\ufe0fAnpassungen \u2714\ufe0f Reparaturen von Rissen, L\u00f6chern, N\u00e4hten etc.\u2714\ufe0f Reparatur von chloriertem Latex","robots":{"index":"index","follow":"follow","max-snippet":"max-snippet:-1","max-image-preview":"max-image-preview:large","max-video-preview":"max-video-preview:-1"},"canonical":"https:\/\/meurers-latex-reparatur-service.de\/en\/mein-account\/","og_locale":"en_US","og_type":"article","og_title":"Mein Account","og_description":"Austausch defekter Rei\u00dfverschl\u00fcsse \u2714\ufe0fAnpassungen \u2714\ufe0f Reparaturen von Rissen, L\u00f6chern, N\u00e4hten etc.\u2714\ufe0f Reparatur von chloriertem Latex","og_url":"https:\/\/meurers-latex-reparatur-service.de\/en\/mein-account\/","og_site_name":"Latex Reparatur Service","article_publisher":"https:\/\/www.facebook.com\/MeurersLatexReparaturService","article_modified_time":"2024-10-15T08:57:36+00:00","og_image":[{"width":305,"height":61,"url":"https:\/\/meurers-latex-reparatur-service.de\/wp-content\/uploads\/2024\/10\/anmelden-regestrieren.png","type":"image\/png"}],"twitter_card":"summary_large_image","twitter_site":"@MeurersS","twitter_misc":{"Est. reading time":"1 minute"},"schema":{"@context":"https:\/\/schema.org","@graph":[{"@type":"WebPage","@id":"https:\/\/meurers-latex-reparatur-service.de\/mein-account\/","url":"https:\/\/meurers-latex-reparatur-service.de\/mein-account\/","name":"Mein Account | Latex Reparatur Service","isPartOf":{"@id":"https:\/\/meurers-latex-reparatur-service.de\/#website"},"primaryImageOfPage":{"@id":"https:\/\/meurers-latex-reparatur-service.de\/mein-account\/#primaryimage"},"image":{"@id":"https:\/\/meurers-latex-reparatur-service.de\/mein-account\/#primaryimage"},"thumbnailUrl":"https:\/\/meurers-latex-reparatur-service.de\/wp-content\/uploads\/2024\/10\/anmelden-regestrieren.png","datePublished":"2024-07-15T08:23:10+00:00","dateModified":"2024-10-15T08:57:36+00:00","description":"Austausch defekter Rei\u00dfverschl\u00fcsse \u2714\ufe0fAnpassungen \u2714\ufe0f Reparaturen von Rissen, L\u00f6chern, N\u00e4hten etc.\u2714\ufe0f Reparatur von chloriertem Latex","breadcrumb":{"@id":"https:\/\/meurers-latex-reparatur-service.de\/mein-account\/#breadcrumb"},"inLanguage":"en-US","potentialAction":[{"@type":"ReadAction","target":["https:\/\/meurers-latex-reparatur-service.de\/mein-account\/"]}]},{"@type":"ImageObject","inLanguage":"en-US","@id":"https:\/\/meurers-latex-reparatur-service.de\/mein-account\/#primaryimage","url":"https:\/\/meurers-latex-reparatur-service.de\/wp-content\/uploads\/2024\/10\/anmelden-regestrieren.png","contentUrl":"https:\/\/meurers-latex-reparatur-service.de\/wp-content\/uploads\/2024\/10\/anmelden-regestrieren.png"},{"@type":"BreadcrumbList","@id":"https:\/\/meurers-latex-reparatur-service.de\/mein-account\/#breadcrumb","itemListElement":[{"@type":"ListItem","position":1,"name":"Startseite","item":"https:\/\/meurers-latex-reparatur-service.de\/"},{"@type":"ListItem","position":2,"name":"Mein Account"}]},{"@type":"WebSite","@id":"https:\/\/meurers-latex-reparatur-service.de\/#website","url":"https:\/\/meurers-latex-reparatur-service.de\/","name":"Latex Reparatur Service","description":"Ihr Experte f\u00fcr Latex","publisher":{"@id":"https:\/\/meurers-latex-reparatur-service.de\/#organization"},"potentialAction":[{"@type":"SearchAction","target":{"@type":"EntryPoint","urlTemplate":"https:\/\/meurers-latex-reparatur-service.de\/?s={search_term_string}"},"query-input":{"@type":"PropertyValueSpecification","valueRequired":true,"valueName":"search_term_string"}}],"inLanguage":"en-US"},{"@type":"Organization","@id":"https:\/\/meurers-latex-reparatur-service.de\/#organization","name":"Meurers Latex Reparatur Service","alternateName":"Wir reparieren Ihre Latex Kleidungsst\u00fccke","url":"https:\/\/meurers-latex-reparatur-service.de\/","logo":{"@type":"ImageObject","inLanguage":"en-US","@id":"https:\/\/meurers-latex-reparatur-service.de\/#\/schema\/logo\/image\/","url":"https:\/\/meurers-latex-reparatur-service.de\/wp-content\/uploads\/2023\/03\/Meurers2-kompremiert.jpg","contentUrl":"https:\/\/meurers-latex-reparatur-service.de\/wp-content\/uploads\/2023\/03\/Meurers2-kompremiert.jpg","width":2500,"height":1988,"caption":"Meurers Latex Reparatur Service"},"image":{"@id":"https:\/\/meurers-latex-reparatur-service.de\/#\/schema\/logo\/image\/"},"sameAs":["https:\/\/www.facebook.com\/MeurersLatexReparaturService","https:\/\/x.com\/MeurersS","https:\/\/mastodon.social\/@meurerslatexreparaturservice","https:\/\/www.instagram.com\/meurers_latexreparaturservice\/","https:\/\/www.linkedin.com\/in\/andy-meurer-a9930b239\/","https:\/\/www.pinterest.de\/MeurersLatexReparaturService\/","https:\/\/www.youtube.com\/@meurerslatexreparaturservi2394","https:\/\/www.tiktok.com\/@meurers_latex_reparatur"],"description":"\u2728 Latexreparatur in Perfektion \u2013 Vertrauen Sie auf Meurers Latex Reparatur Service! \ud83d\udc57 Liebe zum Detail: Jedes Latexkleidungsst\u00fcck wird bei uns mit h\u00f6chster Pr\u00e4zision und viel Leidenschaft repariert. Wir verwenden ausschlie\u00dflich hochwertige Materialien, damit Ihr Latex wieder in neuem Glanz erstrahlt. \ud83d\udd27 Professioneller Reparaturservice \u2013 auch f\u00fcr chloriertes Latex:* Ob Risse, kleine L\u00f6cher oder besch\u00e4digte N\u00e4hte \u2013 wir bringen Ihre Lieblingsst\u00fccke wieder in Form. Auch chloriertes Latex ist bei uns in den besten H\u00e4nden \u2013 fachgerecht, schonend und langlebig instandgesetzt. \ud83d\udc8e Erfahrung & Qualit\u00e4t, die \u00fcberzeugt: Seit vielen Jahren steht Meurers Latex Reparatur Service. f\u00fcr handwerkliche Perfektion, Zuverl\u00e4ssigkeit und Liebe zum Material. Vertrauen Sie auf unser Know-how \u2013 f\u00fcr Ergebnisse, die begeistern. \ud83c\udf10 https:\/\/meurers-latex-reparatur-service.de\/","email":"info@meurers-latex-reparatur-service.de","telephone":"01608178454","legalName":"Meurers Latex Reparatur Service","vatID":"DE352591206"}]}},"jetpack_sharing_enabled":true,"_links":{"self":[{"href":"https:\/\/meurers-latex-reparatur-service.de\/en\/wp-json\/wp\/v2\/pages\/3957","targetHints":{"allow":["GET"]}}],"collection":[{"href":"https:\/\/meurers-latex-reparatur-service.de\/en\/wp-json\/wp\/v2\/pages"}],"about":[{"href":"https:\/\/meurers-latex-reparatur-service.de\/en\/wp-json\/wp\/v2\/types\/page"}],"author":[{"embeddable":true,"href":"https:\/\/meurers-latex-reparatur-service.de\/en\/wp-json\/wp\/v2\/users\/1"}],"replies":[{"embeddable":true,"href":"https:\/\/meurers-latex-reparatur-service.de\/en\/wp-json\/wp\/v2\/comments?post=3957"}],"version-history":[{"count":18,"href":"https:\/\/meurers-latex-reparatur-service.de\/en\/wp-json\/wp\/v2\/pages\/3957\/revisions"}],"predecessor-version":[{"id":5099,"href":"https:\/\/meurers-latex-reparatur-service.de\/en\/wp-json\/wp\/v2\/pages\/3957\/revisions\/5099"}],"wp:attachment":[{"href":"https:\/\/meurers-latex-reparatur-service.de\/en\/wp-json\/wp\/v2\/media?parent=3957"}],"curies":[{"name":"wp","href":"https:\/\/api.w.org\/{rel}","templated":true}]}}