{"id":3608,"date":"2023-10-20T13:50:03","date_gmt":"2023-10-20T11:50:03","guid":{"rendered":"https:\/\/meurers-latex-reparatur-service.de\/?page_id=3608"},"modified":"2023-11-17T21:03:31","modified_gmt":"2023-11-17T20:03:31","slug":"newsletter","status":"publish","type":"page","link":"https:\/\/meurers-latex-reparatur-service.de\/en\/newsletter\/","title":{"rendered":"Newsletter"},"content":{"rendered":"<div data-elementor-type=\"wp-page\" data-elementor-id=\"3608\" class=\"elementor elementor-3608\" data-elementor-post-type=\"page\">\n\t\t\t\t\t\t<section class=\"elementor-section elementor-top-section elementor-element elementor-element-1e53a28 elementor-section-boxed elementor-section-height-default elementor-section-height-default\" data-id=\"1e53a28\" data-element_type=\"section\" data-e-type=\"section\">\n\t\t\t\t\t\t<div class=\"elementor-container elementor-column-gap-default\">\n\t\t\t\t\t<div class=\"elementor-column elementor-col-50 elementor-top-column elementor-element elementor-element-b8d0b12\" data-id=\"b8d0b12\" data-element_type=\"column\" data-e-type=\"column\">\n\t\t\t<div class=\"elementor-widget-wrap elementor-element-populated\">\n\t\t\t\t\t\t<div class=\"elementor-element elementor-element-136a322 elementor-widget elementor-widget-image\" data-id=\"136a322\" data-element_type=\"widget\" data-e-type=\"widget\" data-widget_type=\"image.default\">\n\t\t\t\t<div class=\"elementor-widget-container\">\n\t\t\t\t\t\t\t\t\t\t\t\t\t\t\t<img fetchpriority=\"high\" decoding=\"async\" width=\"1000\" height=\"563\" src=\"https:\/\/meurers-latex-reparatur-service.de\/wp-content\/uploads\/2023\/10\/mlrs-newslatter.jpg\" class=\"attachment-large size-large wp-image-3610\" alt=\"Sichern Sie sich exklusive Angebote und aktuelle Neuigkeiten von Meurers Latex Reparatur Service \u2013 abonnieren Sie unseren Newsletter!\" srcset=\"https:\/\/meurers-latex-reparatur-service.de\/wp-content\/uploads\/2023\/10\/mlrs-newslatter.jpg 1000w, https:\/\/meurers-latex-reparatur-service.de\/wp-content\/uploads\/2023\/10\/mlrs-newslatter-600x338.jpg 600w, https:\/\/meurers-latex-reparatur-service.de\/wp-content\/uploads\/2023\/10\/mlrs-newslatter-400x225.jpg 400w, https:\/\/meurers-latex-reparatur-service.de\/wp-content\/uploads\/2023\/10\/mlrs-newslatter-768x432.jpg 768w, https:\/\/meurers-latex-reparatur-service.de\/wp-content\/uploads\/2023\/10\/mlrs-newslatter-18x10.jpg 18w, https:\/\/meurers-latex-reparatur-service.de\/wp-content\/uploads\/2023\/10\/mlrs-newslatter-355x200.jpg 355w\" sizes=\"(max-width: 1000px) 100vw, 1000px\" \/>\t\t\t\t\t\t\t\t\t\t\t\t\t\t\t<\/div>\n\t\t\t\t<\/div>\n\t\t\t\t\t<\/div>\n\t\t<\/div>\n\t\t\t\t<div class=\"elementor-column elementor-col-50 elementor-top-column elementor-element elementor-element-9f423d6\" data-id=\"9f423d6\" data-element_type=\"column\" data-e-type=\"column\">\n\t\t\t<div class=\"elementor-widget-wrap elementor-element-populated\">\n\t\t\t\t\t\t<div class=\"elementor-element elementor-element-969c361 elementor-widget elementor-widget-text-editor\" data-id=\"969c361\" data-element_type=\"widget\" data-e-type=\"widget\" data-widget_type=\"text-editor.default\">\n\t\t\t\t<div class=\"elementor-widget-container\">\n\t\t\t\t\t\t\t\t\t<p><span dir=\"auto\" lang=\"de-DE\">Get exclusive offers and the latest news from <a href=\"\/en\/\">Meurers Latex Reparatur Service<\/a> \u2013 abonnieren Sie unseren Newsletter!<\/span><\/p><p><span dir=\"auto\" lang=\"de-DE\"><style id='mailster-form-default' type='text\/css'>.mailster-embeded-form body{background:0;padding:0;margin:0}.mailster-embeded-form .mailster-form-body{padding:5px !important;margin:auto !important}.mailster-form-wrap{max-width:100%;max-height:95%;min-width:100px;-webkit-overflow-scrolling:touch}.mailster-form{margin-bottom:20px;position:relative}.mailster-form:before{content:'';position:absolute;display:block;height:100%;width:100%;z-index:1;background-repeat:no-repeat;background-position:center center;background-size:20px 20px;background-image:url('https:\/\/meurers-latex-reparatur-service.de\/wp-content\/plugins\/mailster\/assets\/css\/..\/img\/loading.gif');visibility:hidden;opacity:0;transition:opacity .15s ease-in-out}.mailster-form.loading:before{opacity:1;visibility:visible}@media only screen and (-webkit-min-device-pixel-ratio:2),only screen and (min-resolution:192dpi){.mailster-form:before{background-image:url('https:\/\/meurers-latex-reparatur-service.de\/wp-content\/plugins\/mailster\/assets\/css\/..\/img\/loading_2x.gif')}}.mailster-form:after,.mailster-form-fields:after{content:'.';visibility:hidden;display:block;height:0;clear:both}.mailster-form .mailster-form-fields{transition:all .15s ease-in-out}.mailster-form.completed .mailster-form-fields{height:0;min-height:0;opacity:0;overflow:hidden}.mailster-form,.mailster-form .input,.mailster-form .mailster-form-info{width:100%;box-sizing:border-box}.mailster-embeded-form .mailster-form{margin-bottom:3px}.mailster-form .mailster-wrapper{position:relative;margin-bottom:2px;transition:opacity .15s ease-in-out}.mailster-form.loading .mailster-wrapper{opacity:.2}.mailster-form textarea.input{resize:vertical;height:150px}.mailster-form li{list-style:none !important;margin-left:0;padding-left:0}span.mailster-required{font-size:120%;font-weight:700;color:#bf4d4d}.mailster-lists-wrapper ul{list-style:none;margin-left:0;padding-left:0}.mailster-lists-wrapper ul li{margin-left:0}.mailster-list-description{color:inherit;display:block;margin-left:25px;font-size:.8em}.mailster-form-info{height:0;border-radius:2px;padding:5px;margin-bottom:4px;color:#fff;padding:9px 16px;transition:all .2s;-webkit-transform:scale(0);-moz-transform:scale(0);-ms-transform:scale(0);transform:scale(0)}.mailster-form.loading .mailster-form-info{opacity:0}.mailster-form-info a{color:#fff}.mailster-form-info.success,.mailster-form-info.error{display:block;height:100%;-webkit-transform:scale(1);-moz-transform:scale(1);-ms-transform:scale(1);transform:scale(1)}.mailster-form .error input,.mailster-form .error select,.mailster-form .error textarea{outline:2px solid #bf4d4d;outline-offset:0}.mailster-form-info.error{background:#bf4d4d}.mailster-form-info.success{background-color:#6fbf4d;text-align:center}.mailster-form-info ul,.mailster-form .mailster-form-info p{margin:0;padding:0;max-width:initial}.mailster-form-info ul li{color:inherit;margin-left:0}.mailster-submit-wrapper{margin-top:6px}.mailster-form .submit-button{cursor:pointer}.mailster-form .submit-button:focus{outline:0}<\/style><form action=\"https:\/\/meurers-latex-reparatur-service.de\/en\/mailster\/subscribe\/\" method=\"post\" class=\"mailster-form mailster-form-submit mailster-ajax-form mailster-form-1\" novalidate data-trp-original-action=\"https:\/\/meurers-latex-reparatur-service.de\/en\/mailster\/subscribe\"><input name=\"_action\" type=\"hidden\" value=\"subscribe\">\n<input name=\"_timestamp\" type=\"hidden\" value=\"1777466404\">\n<input name=\"_referer\" type=\"hidden\" value=\"https:\/\/meurers-latex-reparatur-service.de\/en\/en\/wp-json\/wp\/v2\/pages\/3608\">\n<input name=\"_nonce\" type=\"hidden\" value=\"d56565d0e2\">\n<input name=\"formid\" type=\"hidden\" value=\"1\">\n<div class=\"mailster-form-fields\">\n<div class=\"mailster-wrapper mailster-email-wrapper\"><label for=\"mailster-email-1\">E-Mail <span class=\"mailster-required\">*<\/span><\/label><input id=\"mailster-email-1\" name=\"email\" type=\"email\" value=\"\" class=\"input mailster-email mailster-required\" aria-required=\"true\" aria-label=\"E-Mail\" spellcheck=\"false\"><\/div>\n<div style=\"position:absolute;top:-99999px;left:-99999px;z-index:-99;\"><input name=\"_n_hp_mail\" type=\"email\" tabindex=\"-1\" autocomplete=\"noton\" autofill=\"off\"><\/div>\n<div class=\"mailster-wrapper mailster-_gdpr-wrapper\"><label for=\"mailster-_gdpr-1\"><input type=\"hidden\" name=\"_gdpr\" value=\"0\"><input id=\"mailster-_gdpr-1\" name=\"_gdpr\" type=\"checkbox\" value=\"1\" class=\"mailster-_gdpr mailster-required\" aria-required=\"true\" aria-label=\"Ich akzeptiere die Datenschutzbestimmungen.\"> Ich akzeptiere die Datenschutzbestimmungen.<a href=\"https:\/\/meurers-latex-reparatur-service.de\/en\/datenschutzerklaerung\/\" target=\"_top\">Link<\/a>)<\/label><\/div>\n<div class=\"mailster-wrapper mailster-submit-wrapper form-submit\"><input name=\"submit\" type=\"submit\" value=\"Anmelden\" class=\"submit-button button\" aria-label=\"Anmelden\"><\/div>\n<\/div>\n<input type=\"hidden\" name=\"trp-form-language\" value=\"en\"\/><\/form>\n<\/span><\/p>\t\t\t\t\t\t\t\t<\/div>\n\t\t\t\t<\/div>\n\t\t\t\t\t<\/div>\n\t\t<\/div>\n\t\t\t\t\t<\/div>\n\t\t<\/section>\n\t\t\t\t<\/div>","protected":false},"excerpt":{"rendered":"<p>Sichern Sie sich exklusive Angebote und aktuelle Neuigkeiten von Meurers Latex Reparatur Service \u2013 abonnieren Sie unseren Newsletter!<\/p>","protected":false},"author":1,"featured_media":3610,"parent":0,"menu_order":0,"comment_status":"closed","ping_status":"closed","template":"","meta":{"footnotes":""},"class_list":["post-3608","page","type-page","status-publish","has-post-thumbnail","hentry"],"yoast_head":"<!-- This site is optimized with the Yoast SEO Premium plugin v27.4 (Yoast SEO v27.4) - https:\/\/yoast.com\/product\/yoast-seo-premium-wordpress\/ -->\n<title>Newsletter | Latex Reparatur Service<\/title>\n<meta name=\"description\" content=\"\u2b50\ufe0f\u2b50\ufe0f\u2b50\ufe0f\u2b50\ufe0f\u2b50 Sichern Sie sich exklusive Angebote und aktuelle Neuigkeiten von Meurers Latex Reparatur Service \u2013 Unser Newsletter!\" \/>\n<meta name=\"robots\" content=\"index, follow, max-snippet:-1, max-image-preview:large, max-video-preview:-1\" \/>\n<link rel=\"canonical\" href=\"https:\/\/meurers-latex-reparatur-service.de\/en\/newsletter\/\" \/>\n<meta property=\"og:locale\" content=\"en_US\" \/>\n<meta property=\"og:type\" content=\"article\" \/>\n<meta property=\"og:title\" content=\"Newsletter\" \/>\n<meta property=\"og:description\" content=\"Austausch defekter Rei\u00dfverschl\u00fcsse \u2714\ufe0fAnpassungen \u2714\ufe0f Reparaturen von Rissen, L\u00f6chern, N\u00e4hten etc.\u2714\ufe0f Reparatur von chloriertem Latex\" \/>\n<meta property=\"og:url\" content=\"https:\/\/meurers-latex-reparatur-service.de\/en\/newsletter\/\" \/>\n<meta property=\"og:site_name\" content=\"Latex Reparatur Service\" \/>\n<meta property=\"article:publisher\" content=\"https:\/\/www.facebook.com\/MeurersLatexReparaturService\" \/>\n<meta property=\"article:modified_time\" content=\"2023-11-17T20:03:31+00:00\" \/>\n<meta property=\"og:image\" content=\"https:\/\/meurers-latex-reparatur-service.de\/wp-content\/uploads\/2023\/10\/mlrs-newslatter.jpg\" \/>\n\t<meta property=\"og:image:width\" content=\"1000\" \/>\n\t<meta property=\"og:image:height\" content=\"563\" \/>\n\t<meta property=\"og:image:type\" content=\"image\/jpeg\" \/>\n<meta name=\"twitter:card\" content=\"summary_large_image\" \/>\n<meta name=\"twitter:site\" content=\"@MeurersS\" \/>\n<meta name=\"twitter:label1\" content=\"Est. reading time\" \/>\n\t<meta name=\"twitter:data1\" content=\"1 minute\" \/>\n<script type=\"application\/ld+json\" class=\"yoast-schema-graph\">{\"@context\":\"https:\\\/\\\/schema.org\",\"@graph\":[{\"@type\":\"WebPage\",\"@id\":\"https:\\\/\\\/meurers-latex-reparatur-service.de\\\/newsletter\\\/\",\"url\":\"https:\\\/\\\/meurers-latex-reparatur-service.de\\\/newsletter\\\/\",\"name\":\"Newsletter | Latex Reparatur Service\",\"isPartOf\":{\"@id\":\"https:\\\/\\\/meurers-latex-reparatur-service.de\\\/#website\"},\"primaryImageOfPage\":{\"@id\":\"https:\\\/\\\/meurers-latex-reparatur-service.de\\\/newsletter\\\/#primaryimage\"},\"image\":{\"@id\":\"https:\\\/\\\/meurers-latex-reparatur-service.de\\\/newsletter\\\/#primaryimage\"},\"thumbnailUrl\":\"https:\\\/\\\/meurers-latex-reparatur-service.de\\\/wp-content\\\/uploads\\\/2023\\\/10\\\/mlrs-newslatter.jpg\",\"datePublished\":\"2023-10-20T11:50:03+00:00\",\"dateModified\":\"2023-11-17T20:03:31+00:00\",\"description\":\"\u2b50\ufe0f\u2b50\ufe0f\u2b50\ufe0f\u2b50\ufe0f\u2b50 Sichern Sie sich exklusive Angebote und aktuelle Neuigkeiten von Meurers Latex Reparatur Service \u2013 Unser Newsletter!\",\"breadcrumb\":{\"@id\":\"https:\\\/\\\/meurers-latex-reparatur-service.de\\\/newsletter\\\/#breadcrumb\"},\"inLanguage\":\"en-US\",\"potentialAction\":[{\"@type\":\"ReadAction\",\"target\":[\"https:\\\/\\\/meurers-latex-reparatur-service.de\\\/newsletter\\\/\"]}]},{\"@type\":\"ImageObject\",\"inLanguage\":\"en-US\",\"@id\":\"https:\\\/\\\/meurers-latex-reparatur-service.de\\\/newsletter\\\/#primaryimage\",\"url\":\"https:\\\/\\\/meurers-latex-reparatur-service.de\\\/wp-content\\\/uploads\\\/2023\\\/10\\\/mlrs-newslatter.jpg\",\"contentUrl\":\"https:\\\/\\\/meurers-latex-reparatur-service.de\\\/wp-content\\\/uploads\\\/2023\\\/10\\\/mlrs-newslatter.jpg\",\"width\":1000,\"height\":563,\"caption\":\"Abonnieren Sie unseren Meurers Latex Reparatur Service Newsletter noch heute!\"},{\"@type\":\"BreadcrumbList\",\"@id\":\"https:\\\/\\\/meurers-latex-reparatur-service.de\\\/newsletter\\\/#breadcrumb\",\"itemListElement\":[{\"@type\":\"ListItem\",\"position\":1,\"name\":\"Startseite\",\"item\":\"https:\\\/\\\/meurers-latex-reparatur-service.de\\\/\"},{\"@type\":\"ListItem\",\"position\":2,\"name\":\"Newsletter\"}]},{\"@type\":\"WebSite\",\"@id\":\"https:\\\/\\\/meurers-latex-reparatur-service.de\\\/#website\",\"url\":\"https:\\\/\\\/meurers-latex-reparatur-service.de\\\/\",\"name\":\"Latex Reparatur Service\",\"description\":\"Ihr Experte f\u00fcr Latex\",\"publisher\":{\"@id\":\"https:\\\/\\\/meurers-latex-reparatur-service.de\\\/#organization\"},\"potentialAction\":[{\"@type\":\"SearchAction\",\"target\":{\"@type\":\"EntryPoint\",\"urlTemplate\":\"https:\\\/\\\/meurers-latex-reparatur-service.de\\\/?s={search_term_string}\"},\"query-input\":{\"@type\":\"PropertyValueSpecification\",\"valueRequired\":true,\"valueName\":\"search_term_string\"}}],\"inLanguage\":\"en-US\"},{\"@type\":\"Organization\",\"@id\":\"https:\\\/\\\/meurers-latex-reparatur-service.de\\\/#organization\",\"name\":\"Meurers Latex Reparatur Service\",\"alternateName\":\"Wir reparieren Ihre Latex Kleidungsst\u00fccke\",\"url\":\"https:\\\/\\\/meurers-latex-reparatur-service.de\\\/\",\"logo\":{\"@type\":\"ImageObject\",\"inLanguage\":\"en-US\",\"@id\":\"https:\\\/\\\/meurers-latex-reparatur-service.de\\\/#\\\/schema\\\/logo\\\/image\\\/\",\"url\":\"https:\\\/\\\/meurers-latex-reparatur-service.de\\\/wp-content\\\/uploads\\\/2023\\\/03\\\/Meurers2-kompremiert.jpg\",\"contentUrl\":\"https:\\\/\\\/meurers-latex-reparatur-service.de\\\/wp-content\\\/uploads\\\/2023\\\/03\\\/Meurers2-kompremiert.jpg\",\"width\":2500,\"height\":1988,\"caption\":\"Meurers Latex Reparatur Service\"},\"image\":{\"@id\":\"https:\\\/\\\/meurers-latex-reparatur-service.de\\\/#\\\/schema\\\/logo\\\/image\\\/\"},\"sameAs\":[\"https:\\\/\\\/www.facebook.com\\\/MeurersLatexReparaturService\",\"https:\\\/\\\/x.com\\\/MeurersS\",\"https:\\\/\\\/mastodon.social\\\/@meurerslatexreparaturservice\",\"https:\\\/\\\/www.instagram.com\\\/meurers_latexreparaturservice\\\/\",\"https:\\\/\\\/www.linkedin.com\\\/in\\\/andy-meurer-a9930b239\\\/\",\"https:\\\/\\\/www.pinterest.de\\\/MeurersLatexReparaturService\\\/\",\"https:\\\/\\\/www.youtube.com\\\/@meurerslatexreparaturservi2394\",\"https:\\\/\\\/www.tiktok.com\\\/@meurers_latex_reparatur\"],\"description\":\"\u2728 Latexreparatur in Perfektion \u2013 Vertrauen Sie auf Meurers Latex Reparatur Service! \ud83d\udc57 Liebe zum Detail: Jedes Latexkleidungsst\u00fcck wird bei uns mit h\u00f6chster Pr\u00e4zision und viel Leidenschaft repariert. Wir verwenden ausschlie\u00dflich hochwertige Materialien, damit Ihr Latex wieder in neuem Glanz erstrahlt. \ud83d\udd27 Professioneller Reparaturservice \u2013 auch f\u00fcr chloriertes Latex:* Ob Risse, kleine L\u00f6cher oder besch\u00e4digte N\u00e4hte \u2013 wir bringen Ihre Lieblingsst\u00fccke wieder in Form. Auch chloriertes Latex ist bei uns in den besten H\u00e4nden \u2013 fachgerecht, schonend und langlebig instandgesetzt. \ud83d\udc8e Erfahrung & Qualit\u00e4t, die \u00fcberzeugt: Seit vielen Jahren steht Meurers Latex Reparatur Service. f\u00fcr handwerkliche Perfektion, Zuverl\u00e4ssigkeit und Liebe zum Material. Vertrauen Sie auf unser Know-how \u2013 f\u00fcr Ergebnisse, die begeistern. \ud83c\udf10 https:\\\/\\\/meurers-latex-reparatur-service.de\\\/\",\"email\":\"info@meurers-latex-reparatur-service.de\",\"telephone\":\"01608178454\",\"legalName\":\"Meurers Latex Reparatur Service\",\"vatID\":\"DE352591206\"}]}<\/script>\n<!-- \/ Yoast SEO Premium plugin. -->","yoast_head_json":{"title":"Newsletter | Latex Reparatur Service","description":"\u2b50\ufe0f\u2b50\ufe0f\u2b50\ufe0f\u2b50\ufe0f\u2b50 Sichern Sie sich exklusive Angebote und aktuelle Neuigkeiten von Meurers Latex Reparatur Service \u2013 Unser Newsletter!","robots":{"index":"index","follow":"follow","max-snippet":"max-snippet:-1","max-image-preview":"max-image-preview:large","max-video-preview":"max-video-preview:-1"},"canonical":"https:\/\/meurers-latex-reparatur-service.de\/en\/newsletter\/","og_locale":"en_US","og_type":"article","og_title":"Newsletter","og_description":"Austausch defekter Rei\u00dfverschl\u00fcsse \u2714\ufe0fAnpassungen \u2714\ufe0f Reparaturen von Rissen, L\u00f6chern, N\u00e4hten etc.\u2714\ufe0f Reparatur von chloriertem Latex","og_url":"https:\/\/meurers-latex-reparatur-service.de\/en\/newsletter\/","og_site_name":"Latex Reparatur Service","article_publisher":"https:\/\/www.facebook.com\/MeurersLatexReparaturService","article_modified_time":"2023-11-17T20:03:31+00:00","og_image":[{"width":1000,"height":563,"url":"https:\/\/meurers-latex-reparatur-service.de\/wp-content\/uploads\/2023\/10\/mlrs-newslatter.jpg","type":"image\/jpeg"}],"twitter_card":"summary_large_image","twitter_site":"@MeurersS","twitter_misc":{"Est. reading time":"1 minute"},"schema":{"@context":"https:\/\/schema.org","@graph":[{"@type":"WebPage","@id":"https:\/\/meurers-latex-reparatur-service.de\/newsletter\/","url":"https:\/\/meurers-latex-reparatur-service.de\/newsletter\/","name":"Newsletter | Latex Reparatur Service","isPartOf":{"@id":"https:\/\/meurers-latex-reparatur-service.de\/#website"},"primaryImageOfPage":{"@id":"https:\/\/meurers-latex-reparatur-service.de\/newsletter\/#primaryimage"},"image":{"@id":"https:\/\/meurers-latex-reparatur-service.de\/newsletter\/#primaryimage"},"thumbnailUrl":"https:\/\/meurers-latex-reparatur-service.de\/wp-content\/uploads\/2023\/10\/mlrs-newslatter.jpg","datePublished":"2023-10-20T11:50:03+00:00","dateModified":"2023-11-17T20:03:31+00:00","description":"\u2b50\ufe0f\u2b50\ufe0f\u2b50\ufe0f\u2b50\ufe0f\u2b50 Sichern Sie sich exklusive Angebote und aktuelle Neuigkeiten von Meurers Latex Reparatur Service \u2013 Unser Newsletter!","breadcrumb":{"@id":"https:\/\/meurers-latex-reparatur-service.de\/newsletter\/#breadcrumb"},"inLanguage":"en-US","potentialAction":[{"@type":"ReadAction","target":["https:\/\/meurers-latex-reparatur-service.de\/newsletter\/"]}]},{"@type":"ImageObject","inLanguage":"en-US","@id":"https:\/\/meurers-latex-reparatur-service.de\/newsletter\/#primaryimage","url":"https:\/\/meurers-latex-reparatur-service.de\/wp-content\/uploads\/2023\/10\/mlrs-newslatter.jpg","contentUrl":"https:\/\/meurers-latex-reparatur-service.de\/wp-content\/uploads\/2023\/10\/mlrs-newslatter.jpg","width":1000,"height":563,"caption":"Abonnieren Sie unseren Meurers Latex Reparatur Service Newsletter noch heute!"},{"@type":"BreadcrumbList","@id":"https:\/\/meurers-latex-reparatur-service.de\/newsletter\/#breadcrumb","itemListElement":[{"@type":"ListItem","position":1,"name":"Startseite","item":"https:\/\/meurers-latex-reparatur-service.de\/"},{"@type":"ListItem","position":2,"name":"Newsletter"}]},{"@type":"WebSite","@id":"https:\/\/meurers-latex-reparatur-service.de\/#website","url":"https:\/\/meurers-latex-reparatur-service.de\/","name":"Latex Reparatur Service","description":"Ihr Experte f\u00fcr Latex","publisher":{"@id":"https:\/\/meurers-latex-reparatur-service.de\/#organization"},"potentialAction":[{"@type":"SearchAction","target":{"@type":"EntryPoint","urlTemplate":"https:\/\/meurers-latex-reparatur-service.de\/?s={search_term_string}"},"query-input":{"@type":"PropertyValueSpecification","valueRequired":true,"valueName":"search_term_string"}}],"inLanguage":"en-US"},{"@type":"Organization","@id":"https:\/\/meurers-latex-reparatur-service.de\/#organization","name":"Meurers Latex Reparatur Service","alternateName":"Wir reparieren Ihre Latex Kleidungsst\u00fccke","url":"https:\/\/meurers-latex-reparatur-service.de\/","logo":{"@type":"ImageObject","inLanguage":"en-US","@id":"https:\/\/meurers-latex-reparatur-service.de\/#\/schema\/logo\/image\/","url":"https:\/\/meurers-latex-reparatur-service.de\/wp-content\/uploads\/2023\/03\/Meurers2-kompremiert.jpg","contentUrl":"https:\/\/meurers-latex-reparatur-service.de\/wp-content\/uploads\/2023\/03\/Meurers2-kompremiert.jpg","width":2500,"height":1988,"caption":"Meurers Latex Reparatur Service"},"image":{"@id":"https:\/\/meurers-latex-reparatur-service.de\/#\/schema\/logo\/image\/"},"sameAs":["https:\/\/www.facebook.com\/MeurersLatexReparaturService","https:\/\/x.com\/MeurersS","https:\/\/mastodon.social\/@meurerslatexreparaturservice","https:\/\/www.instagram.com\/meurers_latexreparaturservice\/","https:\/\/www.linkedin.com\/in\/andy-meurer-a9930b239\/","https:\/\/www.pinterest.de\/MeurersLatexReparaturService\/","https:\/\/www.youtube.com\/@meurerslatexreparaturservi2394","https:\/\/www.tiktok.com\/@meurers_latex_reparatur"],"description":"\u2728 Latexreparatur in Perfektion \u2013 Vertrauen Sie auf Meurers Latex Reparatur Service! \ud83d\udc57 Liebe zum Detail: Jedes Latexkleidungsst\u00fcck wird bei uns mit h\u00f6chster Pr\u00e4zision und viel Leidenschaft repariert. Wir verwenden ausschlie\u00dflich hochwertige Materialien, damit Ihr Latex wieder in neuem Glanz erstrahlt. \ud83d\udd27 Professioneller Reparaturservice \u2013 auch f\u00fcr chloriertes Latex:* Ob Risse, kleine L\u00f6cher oder besch\u00e4digte N\u00e4hte \u2013 wir bringen Ihre Lieblingsst\u00fccke wieder in Form. Auch chloriertes Latex ist bei uns in den besten H\u00e4nden \u2013 fachgerecht, schonend und langlebig instandgesetzt. \ud83d\udc8e Erfahrung & Qualit\u00e4t, die \u00fcberzeugt: Seit vielen Jahren steht Meurers Latex Reparatur Service. f\u00fcr handwerkliche Perfektion, Zuverl\u00e4ssigkeit und Liebe zum Material. Vertrauen Sie auf unser Know-how \u2013 f\u00fcr Ergebnisse, die begeistern. \ud83c\udf10 https:\/\/meurers-latex-reparatur-service.de\/","email":"info@meurers-latex-reparatur-service.de","telephone":"01608178454","legalName":"Meurers Latex Reparatur Service","vatID":"DE352591206"}]}},"jetpack_sharing_enabled":true,"_links":{"self":[{"href":"https:\/\/meurers-latex-reparatur-service.de\/en\/wp-json\/wp\/v2\/pages\/3608","targetHints":{"allow":["GET"]}}],"collection":[{"href":"https:\/\/meurers-latex-reparatur-service.de\/en\/wp-json\/wp\/v2\/pages"}],"about":[{"href":"https:\/\/meurers-latex-reparatur-service.de\/en\/wp-json\/wp\/v2\/types\/page"}],"author":[{"embeddable":true,"href":"https:\/\/meurers-latex-reparatur-service.de\/en\/wp-json\/wp\/v2\/users\/1"}],"replies":[{"embeddable":true,"href":"https:\/\/meurers-latex-reparatur-service.de\/en\/wp-json\/wp\/v2\/comments?post=3608"}],"version-history":[{"count":0,"href":"https:\/\/meurers-latex-reparatur-service.de\/en\/wp-json\/wp\/v2\/pages\/3608\/revisions"}],"wp:featuredmedia":[{"embeddable":true,"href":"https:\/\/meurers-latex-reparatur-service.de\/en\/wp-json\/wp\/v2\/media\/3610"}],"wp:attachment":[{"href":"https:\/\/meurers-latex-reparatur-service.de\/en\/wp-json\/wp\/v2\/media?parent=3608"}],"curies":[{"name":"wp","href":"https:\/\/api.w.org\/{rel}","templated":true}]}}