{"id":3380,"date":"2023-07-31T13:17:58","date_gmt":"2023-07-31T11:17:58","guid":{"rendered":"https:\/\/meurers-latex-reparatur-service.de\/?page_id=3380"},"modified":"2023-11-17T21:54:45","modified_gmt":"2023-11-17T20:54:45","slug":"natascha-nox","status":"publish","type":"page","link":"https:\/\/meurers-latex-reparatur-service.de\/en\/natascha-nox\/","title":{"rendered":"Natascha Nox"},"content":{"rendered":"<div data-elementor-type=\"wp-page\" data-elementor-id=\"3380\" class=\"elementor elementor-3380\" data-elementor-post-type=\"page\">\n\t\t\t\t\t\t<section class=\"elementor-section elementor-top-section elementor-element elementor-element-e18ab02 elementor-section-boxed elementor-section-height-default elementor-section-height-default\" data-id=\"e18ab02\" data-element_type=\"section\" data-e-type=\"section\">\n\t\t\t\t\t\t<div class=\"elementor-container elementor-column-gap-default\">\n\t\t\t\t\t<div class=\"elementor-column elementor-col-100 elementor-top-column elementor-element elementor-element-d849577\" data-id=\"d849577\" data-element_type=\"column\" data-e-type=\"column\">\n\t\t\t<div class=\"elementor-widget-wrap elementor-element-populated\">\n\t\t\t\t\t\t<div class=\"elementor-element elementor-element-4792141 elementor-widget elementor-widget-heading\" data-id=\"4792141\" data-element_type=\"widget\" data-e-type=\"widget\" data-widget_type=\"heading.default\">\n\t\t\t\t<div class=\"elementor-widget-container\">\n\t\t\t\t\t<h2 class=\"elementor-heading-title elementor-size-default\">Natascha Nox<\/h2>\t\t\t\t<\/div>\n\t\t\t\t<\/div>\n\t\t\t\t\t<\/div>\n\t\t<\/div>\n\t\t\t\t\t<\/div>\n\t\t<\/section>\n\t\t\t\t<section class=\"elementor-section elementor-top-section elementor-element elementor-element-a799b5a elementor-section-boxed elementor-section-height-default elementor-section-height-default\" data-id=\"a799b5a\" data-element_type=\"section\" data-e-type=\"section\">\n\t\t\t\t\t\t<div class=\"elementor-container elementor-column-gap-default\">\n\t\t\t\t\t<div class=\"elementor-column elementor-col-50 elementor-top-column elementor-element elementor-element-6e920c5\" data-id=\"6e920c5\" data-element_type=\"column\" data-e-type=\"column\">\n\t\t\t<div class=\"elementor-widget-wrap elementor-element-populated\">\n\t\t\t\t\t\t<div class=\"elementor-element elementor-element-ef53e63 elementor-widget elementor-widget-image\" data-id=\"ef53e63\" data-element_type=\"widget\" data-e-type=\"widget\" data-widget_type=\"image.default\">\n\t\t\t\t<div class=\"elementor-widget-container\">\n\t\t\t\t\t\t\t\t\t\t\t\t\t\t\t\t<a href=\"https:\/\/allmylinks.com\/nataschanox\" target=\"_blank\">\n\t\t\t\t\t\t\t<img fetchpriority=\"high\" decoding=\"async\" width=\"1505\" height=\"785\" src=\"https:\/\/meurers-latex-reparatur-service.de\/wp-content\/uploads\/2023\/07\/natascha-nox.jpg\" class=\"attachment-large size-large wp-image-3381\" alt=\"Dann gib dich in meine H\u00e4nde, ob Frauen, Anf\u00e4nger, M\u00e4nner oder Paare. Ich freue mich darauf, dich\/euch auf einer unvergesslichen Reise zu begleiten. Bei mir bekommt jeder das, was er verdient und seine tiefsten Sehns\u00fcchte sind. Die Grenze zwischen kreativer Vernunft und Wahnsinn ist d\u00fcnn- das ist mein ganz pers\u00f6nlicher Kick. Authentisch, ungez\u00e4hmt und unvorhersehbar. Vertrau mir und lass uns spielen\" srcset=\"https:\/\/meurers-latex-reparatur-service.de\/wp-content\/uploads\/2023\/07\/natascha-nox.jpg 1920w, https:\/\/meurers-latex-reparatur-service.de\/wp-content\/uploads\/2023\/07\/natascha-nox-600x313.jpg 600w, https:\/\/meurers-latex-reparatur-service.de\/wp-content\/uploads\/2023\/07\/natascha-nox-400x209.jpg 400w, https:\/\/meurers-latex-reparatur-service.de\/wp-content\/uploads\/2023\/07\/natascha-nox-768x401.jpg 768w, https:\/\/meurers-latex-reparatur-service.de\/wp-content\/uploads\/2023\/07\/natascha-nox-1536x802.jpg 1536w, https:\/\/meurers-latex-reparatur-service.de\/wp-content\/uploads\/2023\/07\/natascha-nox-18x9.jpg 18w, https:\/\/meurers-latex-reparatur-service.de\/wp-content\/uploads\/2023\/07\/natascha-nox-383x200.jpg 383w\" sizes=\"(max-width: 1505px) 100vw, 1505px\" \/>\t\t\t\t\t\t\t\t<\/a>\n\t\t\t\t\t\t\t\t\t\t\t\t\t\t\t<\/div>\n\t\t\t\t<\/div>\n\t\t\t\t\t<\/div>\n\t\t<\/div>\n\t\t\t\t<div class=\"elementor-column elementor-col-50 elementor-top-column elementor-element elementor-element-5779fbc\" data-id=\"5779fbc\" data-element_type=\"column\" data-e-type=\"column\">\n\t\t\t<div class=\"elementor-widget-wrap elementor-element-populated\">\n\t\t\t\t\t\t<div class=\"elementor-element elementor-element-020cda4 elementor-widget elementor-widget-text-editor\" data-id=\"020cda4\" data-element_type=\"widget\" data-e-type=\"widget\" data-widget_type=\"text-editor.default\">\n\t\t\t\t<div class=\"elementor-widget-container\">\n\t\t\t\t\t\t\t\t\t<div><div class=\"\" dir=\"auto\"><div id=\":r99:\" class=\"x1iorvi4 x1pi30zi x1swvt13 xjkvuk6\" data-ad-comet-preview=\"message\" data-ad-preview=\"message\"><div class=\"x78zum5 xdt5ytf xz62fqu x16ldp7u\"><div class=\"xu06os2 x1ok221b\"><div class=\"xdj266r x11i5rnm xat24cr x1mh8g0r x1vvkbs x126k92a\"><div dir=\"auto\"><p>Another kind of classic dominatrix.<\/p><p>She has facets of angel and devil combined in her. Behind my innocent facade is a hidden dominance that awakens your fantasies and unleashes my passion.<\/p><p>With my defining expression, empathy and experimental urge, I will explore your preferences and find new boundaries that will bring you to the edge of madness.<\/p><p>The devil in me loves to get you to yours.<\/p><\/div><\/div><\/div><\/div><\/div><\/div><\/div>\t\t\t\t\t\t\t\t<\/div>\n\t\t\t\t<\/div>\n\t\t\t\t\t<\/div>\n\t\t<\/div>\n\t\t\t\t\t<\/div>\n\t\t<\/section>\n\t\t\t\t<section class=\"elementor-section elementor-top-section elementor-element elementor-element-d604de7 elementor-section-boxed elementor-section-height-default elementor-section-height-default\" data-id=\"d604de7\" data-element_type=\"section\" data-e-type=\"section\">\n\t\t\t\t\t\t<div class=\"elementor-container elementor-column-gap-default\">\n\t\t\t\t\t<div class=\"elementor-column elementor-col-100 elementor-top-column elementor-element elementor-element-1883b0f\" data-id=\"1883b0f\" data-element_type=\"column\" data-e-type=\"column\">\n\t\t\t<div class=\"elementor-widget-wrap elementor-element-populated\">\n\t\t\t\t\t\t<div class=\"elementor-element elementor-element-56ec5eb elementor-widget elementor-widget-spacer\" data-id=\"56ec5eb\" data-element_type=\"widget\" data-e-type=\"widget\" data-widget_type=\"spacer.default\">\n\t\t\t\t<div class=\"elementor-widget-container\">\n\t\t\t\t\t\t\t<div class=\"elementor-spacer\">\n\t\t\t<div class=\"elementor-spacer-inner\"><\/div>\n\t\t<\/div>\n\t\t\t\t\t\t<\/div>\n\t\t\t\t<\/div>\n\t\t\t\t<div class=\"elementor-element elementor-element-035a0de elementor-widget elementor-widget-image\" data-id=\"035a0de\" data-element_type=\"widget\" data-e-type=\"widget\" data-widget_type=\"image.default\">\n\t\t\t\t<div class=\"elementor-widget-container\">\n\t\t\t\t\t\t\t\t\t\t\t\t\t\t\t<img decoding=\"async\" src=\"https:\/\/meurers-latex-reparatur-service.de\/wp-content\/uploads\/elementor\/thumbs\/nataschanoxbanner-rkqlrihlb4iuasl8seetr11uo74dxu9ockvlhrydn2.jpg\" title=\"nataschanoxbanner\" alt=\"nataschanoxbanner\" loading=\"lazy\" \/>\t\t\t\t\t\t\t\t\t\t\t\t\t\t\t<\/div>\n\t\t\t\t<\/div>\n\t\t\t\t\t<\/div>\n\t\t<\/div>\n\t\t\t\t\t<\/div>\n\t\t<\/section>\n\t\t\t\t<section class=\"elementor-section elementor-top-section elementor-element elementor-element-cdb4779 elementor-section-boxed elementor-section-height-default elementor-section-height-default\" data-id=\"cdb4779\" data-element_type=\"section\" data-e-type=\"section\">\n\t\t\t\t\t\t<div class=\"elementor-container elementor-column-gap-default\">\n\t\t\t\t\t<div class=\"elementor-column elementor-col-100 elementor-top-column elementor-element elementor-element-664405a\" data-id=\"664405a\" data-element_type=\"column\" data-e-type=\"column\">\n\t\t\t<div class=\"elementor-widget-wrap elementor-element-populated\">\n\t\t\t\t\t\t<div class=\"elementor-element elementor-element-8b57f8f elementor-widget elementor-widget-spacer\" data-id=\"8b57f8f\" data-element_type=\"widget\" data-e-type=\"widget\" data-widget_type=\"spacer.default\">\n\t\t\t\t<div class=\"elementor-widget-container\">\n\t\t\t\t\t\t\t<div class=\"elementor-spacer\">\n\t\t\t<div class=\"elementor-spacer-inner\"><\/div>\n\t\t<\/div>\n\t\t\t\t\t\t<\/div>\n\t\t\t\t<\/div>\n\t\t\t\t\t<\/div>\n\t\t<\/div>\n\t\t\t\t\t<\/div>\n\t\t<\/section>\n\t\t\t\t<section class=\"elementor-section elementor-top-section elementor-element elementor-element-fba4f25 elementor-section-boxed elementor-section-height-default elementor-section-height-default\" data-id=\"fba4f25\" data-element_type=\"section\" data-e-type=\"section\">\n\t\t\t\t\t\t<div class=\"elementor-container elementor-column-gap-default\">\n\t\t\t\t\t<div class=\"elementor-column elementor-col-50 elementor-top-column elementor-element elementor-element-df70a1e\" data-id=\"df70a1e\" data-element_type=\"column\" data-e-type=\"column\">\n\t\t\t<div class=\"elementor-widget-wrap elementor-element-populated\">\n\t\t\t\t\t\t<div class=\"elementor-element elementor-element-bac152f elementor-widget__width-initial elementor-widget elementor-widget-text-editor\" data-id=\"bac152f\" data-element_type=\"widget\" data-e-type=\"widget\" data-widget_type=\"text-editor.default\">\n\t\t\t\t<div class=\"elementor-widget-container\">\n\t\t\t\t\t\t\t\t\t<p style=\"text-align: right;\"><strong>NATASCHA NOX<\/strong><br \/>individuelle M\u00f6glichkeiten erfragen<br \/>Krefeld &#8211; K\u00f6ln &#8211; D\u00fcsseldorf <br \/><br \/>Termin mit Absprache<br \/>E-Mail: NataschaNox@web.de<br \/>Telefon: 01573 &#8211; 44 16 997<br \/><br \/>Webseite: <a class=\"x1fey0fg xmper1u x1edh9d7\" href=\"https:\/\/allmylinks.com\/nataschanox\">https:\/\/allmylinks.com\/nataschanox<\/a><\/p><p>\u00a0<\/p>\t\t\t\t\t\t\t\t<\/div>\n\t\t\t\t<\/div>\n\t\t\t\t\t<\/div>\n\t\t<\/div>\n\t\t\t\t<div class=\"elementor-column elementor-col-50 elementor-top-column elementor-element elementor-element-7ddea3e\" data-id=\"7ddea3e\" data-element_type=\"column\" data-e-type=\"column\">\n\t\t\t<div class=\"elementor-widget-wrap elementor-element-populated\">\n\t\t\t\t\t\t<div class=\"elementor-element elementor-element-c71dda7 elementor-widget__width-initial elementor-widget-mobile__width-initial elementor-widget elementor-widget-image\" data-id=\"c71dda7\" data-element_type=\"widget\" data-e-type=\"widget\" data-widget_type=\"image.default\">\n\t\t\t\t<div class=\"elementor-widget-container\">\n\t\t\t\t\t\t\t\t\t\t\t\t\t\t\t<img decoding=\"async\" width=\"400\" height=\"283\" src=\"https:\/\/meurers-latex-reparatur-service.de\/wp-content\/uploads\/2023\/07\/inhaberinnox.jpg\" class=\"attachment-large size-large wp-image-3384\" alt=\"\" srcset=\"https:\/\/meurers-latex-reparatur-service.de\/wp-content\/uploads\/2023\/07\/inhaberinnox.jpg 400w, https:\/\/meurers-latex-reparatur-service.de\/wp-content\/uploads\/2023\/07\/inhaberinnox-18x12.jpg 18w, https:\/\/meurers-latex-reparatur-service.de\/wp-content\/uploads\/2023\/07\/inhaberinnox-283x200.jpg 283w\" sizes=\"(max-width: 400px) 100vw, 400px\" \/>\t\t\t\t\t\t\t\t\t\t\t\t\t\t\t<\/div>\n\t\t\t\t<\/div>\n\t\t\t\t\t<\/div>\n\t\t<\/div>\n\t\t\t\t\t<\/div>\n\t\t<\/section>\n\t\t\t\t<\/div>","protected":false},"excerpt":{"rendered":"<p>Natascha Nox Eine andere Art der klassischen Domina. Sie hat Facetten von Engel und Teufel in sich vereint. Hinter meiner unschuldigen Fassade verbirgt sich eine versteckte Dominanz, die deine Fantasien erweckt und meine Leidenschaft entfesselt. Mit meinem bestimmenden Ausdruck, Einf\u00fchlungsverm\u00f6gen und experimentierfreudigen Drang werde ich deine Vorlieben erforschen und neue Grenzen finden, die dich an den Rand des Wahnsinns bringen. Der Teufel in mir liebt es, dich an deine zu erlangen. NATASCHA NOXindividuelle M\u00f6glichkeiten erfragenKrefeld &#8211; K\u00f6ln &#8211; D\u00fcsseldorf Termin mit AbspracheE-Mail: NataschaNox@web.deTelefon: 01573 &#8211; 44 16 997 Webseite: https:\/\/allmylinks.com\/nataschanox \u00a0<\/p>","protected":false},"author":1,"featured_media":3381,"parent":0,"menu_order":0,"comment_status":"closed","ping_status":"closed","template":"","meta":{"footnotes":""},"class_list":["post-3380","page","type-page","status-publish","has-post-thumbnail","hentry"],"yoast_head":"<!-- This site is optimized with the Yoast SEO Premium plugin v26.7 (Yoast SEO v27.3) - https:\/\/yoast.com\/product\/yoast-seo-premium-wordpress\/ -->\n<title>Natascha Nox | Latex Reparatur Service<\/title>\n<meta name=\"description\" content=\"\u2b50\ufe0f\u2b50\ufe0f\u2b50\ufe0f\u2b50\ufe0f\u2b50\ufe0f Natascha Nox, eine andere Art der klassischen Domina. Sie hat Facetten von Engel und Teufel in sich vereint.\" \/>\n<meta name=\"robots\" content=\"index, follow, max-snippet:-1, max-image-preview:large, max-video-preview:-1\" \/>\n<link rel=\"canonical\" href=\"https:\/\/meurers-latex-reparatur-service.de\/en\/natascha-nox\/\" \/>\n<meta property=\"og:locale\" content=\"en_US\" \/>\n<meta property=\"og:type\" content=\"article\" \/>\n<meta property=\"og:title\" content=\"Natascha Nox\" \/>\n<meta property=\"og:description\" content=\"Austausch defekter Rei\u00dfverschl\u00fcsse \u2714\ufe0fAnpassungen \u2714\ufe0f Reparaturen von Rissen, L\u00f6chern, N\u00e4hten etc.\u2714\ufe0f Reparatur von chloriertem Latex\" \/>\n<meta property=\"og:url\" content=\"https:\/\/meurers-latex-reparatur-service.de\/en\/natascha-nox\/\" \/>\n<meta property=\"og:site_name\" content=\"Latex Reparatur Service\" \/>\n<meta property=\"article:publisher\" content=\"https:\/\/www.facebook.com\/MeurersLatexReparaturService\" \/>\n<meta property=\"article:modified_time\" content=\"2023-11-17T20:54:45+00:00\" \/>\n<meta property=\"og:image\" content=\"https:\/\/meurers-latex-reparatur-service.de\/wp-content\/uploads\/2023\/07\/natascha-nox.jpg\" \/>\n\t<meta property=\"og:image:width\" content=\"1920\" \/>\n\t<meta property=\"og:image:height\" content=\"1002\" \/>\n\t<meta property=\"og:image:type\" content=\"image\/jpeg\" \/>\n<meta name=\"twitter:card\" content=\"summary_large_image\" \/>\n<meta name=\"twitter:site\" content=\"@MeurersS\" \/>\n<meta name=\"twitter:label1\" content=\"Est. reading time\" \/>\n\t<meta name=\"twitter:data1\" content=\"2 minutes\" \/>\n<script type=\"application\/ld+json\" class=\"yoast-schema-graph\">{\"@context\":\"https:\\\/\\\/schema.org\",\"@graph\":[{\"@type\":\"WebPage\",\"@id\":\"https:\\\/\\\/meurers-latex-reparatur-service.de\\\/natascha-nox\\\/\",\"url\":\"https:\\\/\\\/meurers-latex-reparatur-service.de\\\/natascha-nox\\\/\",\"name\":\"Natascha Nox | Latex Reparatur Service\",\"isPartOf\":{\"@id\":\"https:\\\/\\\/meurers-latex-reparatur-service.de\\\/#website\"},\"primaryImageOfPage\":{\"@id\":\"https:\\\/\\\/meurers-latex-reparatur-service.de\\\/natascha-nox\\\/#primaryimage\"},\"image\":{\"@id\":\"https:\\\/\\\/meurers-latex-reparatur-service.de\\\/natascha-nox\\\/#primaryimage\"},\"thumbnailUrl\":\"https:\\\/\\\/meurers-latex-reparatur-service.de\\\/wp-content\\\/uploads\\\/2023\\\/07\\\/natascha-nox.jpg\",\"datePublished\":\"2023-07-31T11:17:58+00:00\",\"dateModified\":\"2023-11-17T20:54:45+00:00\",\"description\":\"\u2b50\ufe0f\u2b50\ufe0f\u2b50\ufe0f\u2b50\ufe0f\u2b50\ufe0f Natascha Nox, eine andere Art der klassischen Domina. Sie hat Facetten von Engel und Teufel in sich vereint.\",\"breadcrumb\":{\"@id\":\"https:\\\/\\\/meurers-latex-reparatur-service.de\\\/natascha-nox\\\/#breadcrumb\"},\"inLanguage\":\"en-US\",\"potentialAction\":[{\"@type\":\"ReadAction\",\"target\":[\"https:\\\/\\\/meurers-latex-reparatur-service.de\\\/natascha-nox\\\/\"]}]},{\"@type\":\"ImageObject\",\"inLanguage\":\"en-US\",\"@id\":\"https:\\\/\\\/meurers-latex-reparatur-service.de\\\/natascha-nox\\\/#primaryimage\",\"url\":\"https:\\\/\\\/meurers-latex-reparatur-service.de\\\/wp-content\\\/uploads\\\/2023\\\/07\\\/natascha-nox.jpg\",\"contentUrl\":\"https:\\\/\\\/meurers-latex-reparatur-service.de\\\/wp-content\\\/uploads\\\/2023\\\/07\\\/natascha-nox.jpg\",\"width\":1920,\"height\":1002,\"caption\":\"Natascha Nox, eine andere Art der klassischen Domina. Sie hat Facetten von Engel und Teufel in sich vereint.\"},{\"@type\":\"BreadcrumbList\",\"@id\":\"https:\\\/\\\/meurers-latex-reparatur-service.de\\\/natascha-nox\\\/#breadcrumb\",\"itemListElement\":[{\"@type\":\"ListItem\",\"position\":1,\"name\":\"Startseite\",\"item\":\"https:\\\/\\\/meurers-latex-reparatur-service.de\\\/\"},{\"@type\":\"ListItem\",\"position\":2,\"name\":\"Natascha Nox\"}]},{\"@type\":\"WebSite\",\"@id\":\"https:\\\/\\\/meurers-latex-reparatur-service.de\\\/#website\",\"url\":\"https:\\\/\\\/meurers-latex-reparatur-service.de\\\/\",\"name\":\"Latex Reparatur Service\",\"description\":\"Ihr Experte f\u00fcr Latex\",\"publisher\":{\"@id\":\"https:\\\/\\\/meurers-latex-reparatur-service.de\\\/#organization\"},\"potentialAction\":[{\"@type\":\"SearchAction\",\"target\":{\"@type\":\"EntryPoint\",\"urlTemplate\":\"https:\\\/\\\/meurers-latex-reparatur-service.de\\\/?s={search_term_string}\"},\"query-input\":{\"@type\":\"PropertyValueSpecification\",\"valueRequired\":true,\"valueName\":\"search_term_string\"}}],\"inLanguage\":\"en-US\"},{\"@type\":\"Organization\",\"@id\":\"https:\\\/\\\/meurers-latex-reparatur-service.de\\\/#organization\",\"name\":\"Meurers Latex Reparatur Service\",\"alternateName\":\"Wir reparieren Ihre Latex Kleidungsst\u00fccke\",\"url\":\"https:\\\/\\\/meurers-latex-reparatur-service.de\\\/\",\"logo\":{\"@type\":\"ImageObject\",\"inLanguage\":\"en-US\",\"@id\":\"https:\\\/\\\/meurers-latex-reparatur-service.de\\\/#\\\/schema\\\/logo\\\/image\\\/\",\"url\":\"https:\\\/\\\/meurers-latex-reparatur-service.de\\\/wp-content\\\/uploads\\\/2023\\\/03\\\/Meurers2-kompremiert.jpg\",\"contentUrl\":\"https:\\\/\\\/meurers-latex-reparatur-service.de\\\/wp-content\\\/uploads\\\/2023\\\/03\\\/Meurers2-kompremiert.jpg\",\"width\":2500,\"height\":1988,\"caption\":\"Meurers Latex Reparatur Service\"},\"image\":{\"@id\":\"https:\\\/\\\/meurers-latex-reparatur-service.de\\\/#\\\/schema\\\/logo\\\/image\\\/\"},\"sameAs\":[\"https:\\\/\\\/www.facebook.com\\\/MeurersLatexReparaturService\",\"https:\\\/\\\/x.com\\\/MeurersS\",\"https:\\\/\\\/mastodon.social\\\/@meurerslatexreparaturservice\",\"https:\\\/\\\/www.instagram.com\\\/meurers_latexreparaturservice\\\/\",\"https:\\\/\\\/www.linkedin.com\\\/in\\\/andy-meurer-a9930b239\\\/\",\"https:\\\/\\\/www.pinterest.de\\\/MeurersLatexReparaturService\\\/\",\"https:\\\/\\\/www.youtube.com\\\/@meurerslatexreparaturservi2394\",\"https:\\\/\\\/www.tiktok.com\\\/@meurers_latex_reparatur\"],\"description\":\"\u2728 Latexreparatur in Perfektion \u2013 Vertrauen Sie auf Meurers Latex Reparatur Service! \ud83d\udc57 Liebe zum Detail: Jedes Latexkleidungsst\u00fcck wird bei uns mit h\u00f6chster Pr\u00e4zision und viel Leidenschaft repariert. Wir verwenden ausschlie\u00dflich hochwertige Materialien, damit Ihr Latex wieder in neuem Glanz erstrahlt. \ud83d\udd27 Professioneller Reparaturservice \u2013 auch f\u00fcr chloriertes Latex:* Ob Risse, kleine L\u00f6cher oder besch\u00e4digte N\u00e4hte \u2013 wir bringen Ihre Lieblingsst\u00fccke wieder in Form. Auch chloriertes Latex ist bei uns in den besten H\u00e4nden \u2013 fachgerecht, schonend und langlebig instandgesetzt. \ud83d\udc8e Erfahrung & Qualit\u00e4t, die \u00fcberzeugt: Seit vielen Jahren steht Meurers Latex Reparatur Service. f\u00fcr handwerkliche Perfektion, Zuverl\u00e4ssigkeit und Liebe zum Material. Vertrauen Sie auf unser Know-how \u2013 f\u00fcr Ergebnisse, die begeistern. \ud83c\udf10 https:\\\/\\\/meurers-latex-reparatur-service.de\\\/\",\"email\":\"info@meurers-latex-reparatur-service.de\",\"telephone\":\"01608178454\",\"legalName\":\"Meurers Latex Reparatur Service\",\"vatID\":\"DE352591206\"}]}<\/script>\n<!-- \/ Yoast SEO Premium plugin. -->","yoast_head_json":{"title":"Natascha Nox | Latex Reparatur Service","description":"\u2b50\ufe0f\u2b50\ufe0f\u2b50\ufe0f\u2b50\ufe0f\u2b50\ufe0f Natascha Nox, eine andere Art der klassischen Domina. Sie hat Facetten von Engel und Teufel in sich vereint.","robots":{"index":"index","follow":"follow","max-snippet":"max-snippet:-1","max-image-preview":"max-image-preview:large","max-video-preview":"max-video-preview:-1"},"canonical":"https:\/\/meurers-latex-reparatur-service.de\/en\/natascha-nox\/","og_locale":"en_US","og_type":"article","og_title":"Natascha Nox","og_description":"Austausch defekter Rei\u00dfverschl\u00fcsse \u2714\ufe0fAnpassungen \u2714\ufe0f Reparaturen von Rissen, L\u00f6chern, N\u00e4hten etc.\u2714\ufe0f Reparatur von chloriertem Latex","og_url":"https:\/\/meurers-latex-reparatur-service.de\/en\/natascha-nox\/","og_site_name":"Latex Reparatur Service","article_publisher":"https:\/\/www.facebook.com\/MeurersLatexReparaturService","article_modified_time":"2023-11-17T20:54:45+00:00","og_image":[{"width":1920,"height":1002,"url":"https:\/\/meurers-latex-reparatur-service.de\/wp-content\/uploads\/2023\/07\/natascha-nox.jpg","type":"image\/jpeg"}],"twitter_card":"summary_large_image","twitter_site":"@MeurersS","twitter_misc":{"Est. reading time":"2 minutes"},"schema":{"@context":"https:\/\/schema.org","@graph":[{"@type":"WebPage","@id":"https:\/\/meurers-latex-reparatur-service.de\/natascha-nox\/","url":"https:\/\/meurers-latex-reparatur-service.de\/natascha-nox\/","name":"Natascha Nox | Latex Reparatur Service","isPartOf":{"@id":"https:\/\/meurers-latex-reparatur-service.de\/#website"},"primaryImageOfPage":{"@id":"https:\/\/meurers-latex-reparatur-service.de\/natascha-nox\/#primaryimage"},"image":{"@id":"https:\/\/meurers-latex-reparatur-service.de\/natascha-nox\/#primaryimage"},"thumbnailUrl":"https:\/\/meurers-latex-reparatur-service.de\/wp-content\/uploads\/2023\/07\/natascha-nox.jpg","datePublished":"2023-07-31T11:17:58+00:00","dateModified":"2023-11-17T20:54:45+00:00","description":"\u2b50\ufe0f\u2b50\ufe0f\u2b50\ufe0f\u2b50\ufe0f\u2b50\ufe0f Natascha Nox, eine andere Art der klassischen Domina. Sie hat Facetten von Engel und Teufel in sich vereint.","breadcrumb":{"@id":"https:\/\/meurers-latex-reparatur-service.de\/natascha-nox\/#breadcrumb"},"inLanguage":"en-US","potentialAction":[{"@type":"ReadAction","target":["https:\/\/meurers-latex-reparatur-service.de\/natascha-nox\/"]}]},{"@type":"ImageObject","inLanguage":"en-US","@id":"https:\/\/meurers-latex-reparatur-service.de\/natascha-nox\/#primaryimage","url":"https:\/\/meurers-latex-reparatur-service.de\/wp-content\/uploads\/2023\/07\/natascha-nox.jpg","contentUrl":"https:\/\/meurers-latex-reparatur-service.de\/wp-content\/uploads\/2023\/07\/natascha-nox.jpg","width":1920,"height":1002,"caption":"Natascha Nox, eine andere Art der klassischen Domina. Sie hat Facetten von Engel und Teufel in sich vereint."},{"@type":"BreadcrumbList","@id":"https:\/\/meurers-latex-reparatur-service.de\/natascha-nox\/#breadcrumb","itemListElement":[{"@type":"ListItem","position":1,"name":"Startseite","item":"https:\/\/meurers-latex-reparatur-service.de\/"},{"@type":"ListItem","position":2,"name":"Natascha Nox"}]},{"@type":"WebSite","@id":"https:\/\/meurers-latex-reparatur-service.de\/#website","url":"https:\/\/meurers-latex-reparatur-service.de\/","name":"Latex Reparatur Service","description":"Ihr Experte f\u00fcr Latex","publisher":{"@id":"https:\/\/meurers-latex-reparatur-service.de\/#organization"},"potentialAction":[{"@type":"SearchAction","target":{"@type":"EntryPoint","urlTemplate":"https:\/\/meurers-latex-reparatur-service.de\/?s={search_term_string}"},"query-input":{"@type":"PropertyValueSpecification","valueRequired":true,"valueName":"search_term_string"}}],"inLanguage":"en-US"},{"@type":"Organization","@id":"https:\/\/meurers-latex-reparatur-service.de\/#organization","name":"Meurers Latex Reparatur Service","alternateName":"Wir reparieren Ihre Latex Kleidungsst\u00fccke","url":"https:\/\/meurers-latex-reparatur-service.de\/","logo":{"@type":"ImageObject","inLanguage":"en-US","@id":"https:\/\/meurers-latex-reparatur-service.de\/#\/schema\/logo\/image\/","url":"https:\/\/meurers-latex-reparatur-service.de\/wp-content\/uploads\/2023\/03\/Meurers2-kompremiert.jpg","contentUrl":"https:\/\/meurers-latex-reparatur-service.de\/wp-content\/uploads\/2023\/03\/Meurers2-kompremiert.jpg","width":2500,"height":1988,"caption":"Meurers Latex Reparatur Service"},"image":{"@id":"https:\/\/meurers-latex-reparatur-service.de\/#\/schema\/logo\/image\/"},"sameAs":["https:\/\/www.facebook.com\/MeurersLatexReparaturService","https:\/\/x.com\/MeurersS","https:\/\/mastodon.social\/@meurerslatexreparaturservice","https:\/\/www.instagram.com\/meurers_latexreparaturservice\/","https:\/\/www.linkedin.com\/in\/andy-meurer-a9930b239\/","https:\/\/www.pinterest.de\/MeurersLatexReparaturService\/","https:\/\/www.youtube.com\/@meurerslatexreparaturservi2394","https:\/\/www.tiktok.com\/@meurers_latex_reparatur"],"description":"\u2728 Latexreparatur in Perfektion \u2013 Vertrauen Sie auf Meurers Latex Reparatur Service! \ud83d\udc57 Liebe zum Detail: Jedes Latexkleidungsst\u00fcck wird bei uns mit h\u00f6chster Pr\u00e4zision und viel Leidenschaft repariert. Wir verwenden ausschlie\u00dflich hochwertige Materialien, damit Ihr Latex wieder in neuem Glanz erstrahlt. \ud83d\udd27 Professioneller Reparaturservice \u2013 auch f\u00fcr chloriertes Latex:* Ob Risse, kleine L\u00f6cher oder besch\u00e4digte N\u00e4hte \u2013 wir bringen Ihre Lieblingsst\u00fccke wieder in Form. Auch chloriertes Latex ist bei uns in den besten H\u00e4nden \u2013 fachgerecht, schonend und langlebig instandgesetzt. \ud83d\udc8e Erfahrung & Qualit\u00e4t, die \u00fcberzeugt: Seit vielen Jahren steht Meurers Latex Reparatur Service. f\u00fcr handwerkliche Perfektion, Zuverl\u00e4ssigkeit und Liebe zum Material. Vertrauen Sie auf unser Know-how \u2013 f\u00fcr Ergebnisse, die begeistern. \ud83c\udf10 https:\/\/meurers-latex-reparatur-service.de\/","email":"info@meurers-latex-reparatur-service.de","telephone":"01608178454","legalName":"Meurers Latex Reparatur Service","vatID":"DE352591206"}]}},"jetpack_sharing_enabled":true,"_links":{"self":[{"href":"https:\/\/meurers-latex-reparatur-service.de\/en\/wp-json\/wp\/v2\/pages\/3380","targetHints":{"allow":["GET"]}}],"collection":[{"href":"https:\/\/meurers-latex-reparatur-service.de\/en\/wp-json\/wp\/v2\/pages"}],"about":[{"href":"https:\/\/meurers-latex-reparatur-service.de\/en\/wp-json\/wp\/v2\/types\/page"}],"author":[{"embeddable":true,"href":"https:\/\/meurers-latex-reparatur-service.de\/en\/wp-json\/wp\/v2\/users\/1"}],"replies":[{"embeddable":true,"href":"https:\/\/meurers-latex-reparatur-service.de\/en\/wp-json\/wp\/v2\/comments?post=3380"}],"version-history":[{"count":0,"href":"https:\/\/meurers-latex-reparatur-service.de\/en\/wp-json\/wp\/v2\/pages\/3380\/revisions"}],"wp:featuredmedia":[{"embeddable":true,"href":"https:\/\/meurers-latex-reparatur-service.de\/en\/wp-json\/wp\/v2\/media\/3381"}],"wp:attachment":[{"href":"https:\/\/meurers-latex-reparatur-service.de\/en\/wp-json\/wp\/v2\/media?parent=3380"}],"curies":[{"name":"wp","href":"https:\/\/api.w.org\/{rel}","templated":true}]}}